{"id":159408,"date":"2020-08-05T15:34:03","date_gmt":"2020-08-05T13:34:03","guid":{"rendered":"https:\/\/grands-crus.net\/?page_id=159408"},"modified":"2025-12-15T16:59:59","modified_gmt":"2025-12-15T15:59:59","slug":"accueil","status":"publish","type":"page","link":"https:\/\/grands-crus.net\/fr\/","title":{"rendered":"Accueil"},"content":{"rendered":"","protected":false},"excerpt":{"rendered":"","protected":false},"author":278,"featured_media":159313,"parent":0,"menu_order":0,"comment_status":"closed","ping_status":"closed","template":"","meta":{"_acf_changed":false,"_seopress_robots_primary_cat":"","_seopress_titles_title":"Grands Crus, vins de Bordeaux, Bourgogne & Champagne","_seopress_titles_desc":"D\u00e9couvrez une s\u00e9lection prestigieuse de vins raffin\u00e9s de Bordeaux, Bourgogne et Champagne. Profitez de prix comp\u00e9titifs, de services de stockage sur mesure et d'une livraison gratuite d\u00e8s 800\u20ac dans l'UE.","_seopress_robots_index":"","footnotes":""},"hf_cat_page":[],"class_list":["post-159408","page","type-page","status-publish","has-post-thumbnail"],"acf":[],"_links":{"self":[{"href":"https:\/\/grands-crus.net\/fr\/wp-json\/wp\/v2\/pages\/159408","targetHints":{"allow":["GET"]}}],"collection":[{"href":"https:\/\/grands-crus.net\/fr\/wp-json\/wp\/v2\/pages"}],"about":[{"href":"https:\/\/grands-crus.net\/fr\/wp-json\/wp\/v2\/types\/page"}],"author":[{"embeddable":true,"href":"https:\/\/grands-crus.net\/fr\/wp-json\/wp\/v2\/users\/278"}],"replies":[{"embeddable":true,"href":"https:\/\/grands-crus.net\/fr\/wp-json\/wp\/v2\/comments?post=159408"}],"version-history":[{"count":0,"href":"https:\/\/grands-crus.net\/fr\/wp-json\/wp\/v2\/pages\/159408\/revisions"}],"wp:featuredmedia":[{"embeddable":true,"href":"https:\/\/grands-crus.net\/fr\/wp-json\/wp\/v2\/media\/159313"}],"wp:attachment":[{"href":"https:\/\/grands-crus.net\/fr\/wp-json\/wp\/v2\/media?parent=159408"}],"wp:term":[{"taxonomy":"hf_cat_page","embeddable":true,"href":"https:\/\/grands-crus.net\/fr\/wp-json\/wp\/v2\/hf_cat_page?post=159408"}],"curies":[{"name":"wp","href":"https:\/\/api.w.org\/{rel}","templated":true}]}}