{"id":159601,"date":"2020-08-05T18:33:42","date_gmt":"2020-08-05T16:33:42","guid":{"rendered":"https:\/\/grands-crus.net\/deliveries-storage\/"},"modified":"2025-01-04T21:40:17","modified_gmt":"2025-01-04T20:40:17","slug":"livraison-stockage","status":"publish","type":"page","link":"https:\/\/grands-crus.net\/fr\/livraison-stockage\/","title":{"rendered":"Livraison et stockage"},"content":{"rendered":"<h2><strong>Livraison<\/strong><\/h2>\n<p>Nous livrons vos grands crus \u00e0 votre porte.<\/p>\n<p>Bien que nous sachions que le temps est compt\u00e9, nous pr\u00e9f\u00e9rons privil\u00e9gier la qualit\u00e9 du voyage de vos vins, plut\u00f4t que de les voir souffrir d&#8217;une route cahoteuse ou de fortes chaleurs.<\/p>\n<p>Nous s\u00e9lectionnons soigneusement nos transporteurs et leur donnons des instructions pour qu&#8217;ils transportent vos vins dans les meilleures conditions.<\/p>\n<p>Par exemple, si les conditions m\u00e9t\u00e9orologiques sont trop chaudes ou si nous sommes confront\u00e9s \u00e0 une vague de froid, nous retarderons le transport de quelques jours et conserverons votre vin dans notre entrep\u00f4t \u00e0 temp\u00e9rature contr\u00f4l\u00e9e pr\u00e8s de Bordeaux.<\/p>\n<p>Nous pr\u00e9f\u00e9rons \u00e9galement livrer vos vins dans des cartons s\u00e9curis\u00e9s avec s\u00e9parateurs et protection des bouteilles. Mais, lorsqu&#8217;applicable, nous pouvons \u00e9galement vous livrer les caisses bois d&#8217;origine. Dans ce cas n&#8217;h\u00e9sitez pas \u00e0 nous le faire savoir \u00e0 l&#8217;avance !<\/p>\n<p>N&#8217;h\u00e9sitez pas \u00e0 nous contacter pour toute question \u00e0 contact@grands-crus.net.<\/p>\n<h2><strong>Stockage<\/strong><\/h2>\n<p>Nous vous proposons des <strong>services de stockage sur mesure<\/strong> dans nos <strong>chais \u00e0 temp\u00e9rature contr\u00f4l\u00e9e<\/strong>.<\/p>\n","protected":false},"excerpt":{"rendered":"<p>Livraison Nous livrons vos grands crus \u00e0 votre porte. Bien que nous sachions que le temps est compt\u00e9, nous pr\u00e9f\u00e9rons privil\u00e9gier la qualit\u00e9 du voyage de vos vins, plut\u00f4t que de les voir souffrir d&#8217;une route cahoteuse ou de fortes chaleurs. Nous s\u00e9lectionnons soigneusement nos transporteurs et leur donnons des instructions pour qu&#8217;ils transportent vos [&hellip;]<\/p>\n","protected":false},"author":288,"featured_media":158806,"parent":0,"menu_order":0,"comment_status":"closed","ping_status":"closed","template":"","meta":{"_acf_changed":false,"_seopress_robots_primary_cat":"","_seopress_titles_title":"Conditions de livraison et de stockage de Grands Crus","_seopress_titles_desc":"Prendre soin de votre vin est notre mission. Nous livrons \u00e0 votre porte, mais nous vous proposons \u00e9galement un service de stockage sur mesure dans nos chais \u00e0 temp\u00e9rature contr\u00f4l\u00e9e pr\u00e8s de Bordeaux.","_seopress_robots_index":"","footnotes":""},"hf_cat_page":[],"class_list":["post-159601","page","type-page","status-publish","has-post-thumbnail"],"acf":[],"_links":{"self":[{"href":"https:\/\/grands-crus.net\/fr\/wp-json\/wp\/v2\/pages\/159601","targetHints":{"allow":["GET"]}}],"collection":[{"href":"https:\/\/grands-crus.net\/fr\/wp-json\/wp\/v2\/pages"}],"about":[{"href":"https:\/\/grands-crus.net\/fr\/wp-json\/wp\/v2\/types\/page"}],"author":[{"embeddable":true,"href":"https:\/\/grands-crus.net\/fr\/wp-json\/wp\/v2\/users\/288"}],"replies":[{"embeddable":true,"href":"https:\/\/grands-crus.net\/fr\/wp-json\/wp\/v2\/comments?post=159601"}],"version-history":[{"count":0,"href":"https:\/\/grands-crus.net\/fr\/wp-json\/wp\/v2\/pages\/159601\/revisions"}],"wp:featuredmedia":[{"embeddable":true,"href":"https:\/\/grands-crus.net\/fr\/wp-json\/wp\/v2\/media\/158806"}],"wp:attachment":[{"href":"https:\/\/grands-crus.net\/fr\/wp-json\/wp\/v2\/media?parent=159601"}],"wp:term":[{"taxonomy":"hf_cat_page","embeddable":true,"href":"https:\/\/grands-crus.net\/fr\/wp-json\/wp\/v2\/hf_cat_page?post=159601"}],"curies":[{"name":"wp","href":"https:\/\/api.w.org\/{rel}","templated":true}]}}