{"id":159611,"date":"2020-08-05T14:20:01","date_gmt":"2020-08-05T12:20:01","guid":{"rendered":"https:\/\/grands-crus.net\/privacy-policy\/"},"modified":"2024-12-19T11:33:46","modified_gmt":"2024-12-19T10:33:46","slug":"politique-de-confidentialite","status":"publish","type":"page","link":"https:\/\/grands-crus.net\/fr\/politique-de-confidentialite\/","title":{"rendered":"Politique de confidentialit\u00e9"},"content":{"rendered":"<p>Dans le cadre de son activit\u00e9 et pour les besoins de la fourniture des Services, GRANDS CRUS est amen\u00e9e \u00e0 collecter et traiter les donn\u00e9es personnelles de ses utilisateurs (ci-apr\u00e8s les \u00ab Utilisateurs \u00bb). La pr\u00e9sente politique de confidentialit\u00e9, mise en \u0153uvre par GRANDS CRUS, a pour objet de fournir aux Utilisateurs une information synth\u00e9tique et globale sur les traitements de donn\u00e9es \u00e0 caract\u00e8re personnel op\u00e9r\u00e9s par GRANDS CRUS. Nous attachons une importance particuli\u00e8re au respect de la vie priv\u00e9e des Utilisateurs et \u00e0 la confidentialit\u00e9 de leurs donn\u00e9es personnelles, et nous engageons ainsi \u00e0 traiter les donn\u00e9es dans le respect des lois et r\u00e8glements applicables, et notamment de la loi n\u00b0 78-17 du 6 janvier 1978 relative \u00e0 l&#8217;informatique, aux fichiers et aux libert\u00e9s (ci-apr\u00e8s la \u00ab Loi Informatique et Libert\u00e9s \u201c), et du R\u00e8glement (UE) 2016\/679 du Parlement europ\u00e9en et du Conseil du 27 avril 2016 relatif \u00e0 la protection des personnes physiques \u00e0 l&#8217;\u00e9gard du traitement des donn\u00e9es \u00e0 caract\u00e8re personnel et \u00e0 la libre circulation de ces donn\u00e9es (ci-apr\u00e8s le \u201d RGPD \u00bb).<\/p>\n<h2><strong>D\u00e9finitions<\/strong><\/h2>\n<p><strong>Donn\u00e9es \u00e0 caract\u00e8re personnel<\/strong><\/p>\n<p>Constitue une donn\u00e9e \u00e0 caract\u00e8re personnel toute information relative \u00e0 une personne physique identifi\u00e9e ou identifiable, c&#8217;est-\u00e0-dire qui peut \u00eatre identifi\u00e9e, directement ou indirectement, par r\u00e9f\u00e9rence \u00e0 un num\u00e9ro d&#8217;identification ou \u00e0 un ou plusieurs \u00e9l\u00e9ments qui lui sont propres.<\/p>\n<p><strong>Traitement des donn\u00e9es \u00e0 caract\u00e8re personnel<\/strong><\/p>\n<p>Constitue un traitement de donn\u00e9es \u00e0 caract\u00e8re personnel toute op\u00e9ration ou tout ensemble d&#8217;op\u00e9rations portant sur de telles donn\u00e9es, quel que soit le proc\u00e9d\u00e9 utilis\u00e9, et notamment la collecte, l&#8217;enregistrement, l&#8217;organisation, la conservation, l&#8217;adaptation ou la modification, l&#8217;extraction, la consultation, l&#8217;utilisation, la communication par transmission, la diffusion ou toute autre forme de mise \u00e0 disposition, le rapprochement ou l&#8217;interconnexion, ainsi que le verrouillage, l&#8217;effacement ou la destruction.<\/p>\n<p><strong>Cookie<\/strong><\/p>\n<p>Un cookie est une information stock\u00e9e sur le disque dur d&#8217;un utilisateur par le serveur du site qu&#8217;il visite. Il contient plusieurs donn\u00e9es : le nom du serveur qui l&#8217;a d\u00e9pos\u00e9, un identifiant sous forme de num\u00e9ro unique, \u00e9ventuellement une date d&#8217;expiration. Ces informations sont parfois stock\u00e9es sur l&#8217;ordinateur dans un simple fichier texte auquel un serveur acc\u00e8de pour lire et enregistrer des informations.<\/p>\n<h2><strong>Donn\u00e9es collect\u00e9es<\/strong><\/h2>\n<p>GRANDS CRUS collecte les donn\u00e9es des Utilisateurs afin de leur mettre \u00e0 disposition les services pour lesquels ils ont souscrit \u00e0 la plateforme. Le caract\u00e8re obligatoire ou facultatif des donn\u00e9es saisies (pour pouvoir finaliser l&#8217;inscription de l&#8217;Utilisateur et lui fournir les services de GRANDS CRUS) est indiqu\u00e9 lors de la collecte par un ast\u00e9risque. Par ailleurs, certaines donn\u00e9es sont collect\u00e9es automatiquement du fait des actions de l&#8217;Utilisateur sur le site (voir le paragraphe relatif aux cookies).<\/p>\n<h2><strong>Finalit\u00e9<\/strong><\/h2>\n<p>Les donn\u00e9es personnelles collect\u00e9es par GRANDS CRUS lors de la fourniture des services sont n\u00e9cessaires \u00e0 l&#8217;ex\u00e9cution des contrats conclus avec l&#8217;Utilisateur, ou pour permettre \u00e0 GRANDS CRUS de poursuivre ses int\u00e9r\u00eats l\u00e9gitimes dans le respect des droits de l&#8217;Utilisateur. Certaines donn\u00e9es peuvent \u00e9galement \u00eatre trait\u00e9es sur la base du recueil du consentement de l&#8217;utilisateur. Les finalit\u00e9s pour lesquelles nous traitons les donn\u00e9es sont les suivantes :<\/p>\n<ol>\n<li>Gestion commerciale et comptable du contrat<\/li>\n<li>La gestion de l&#8217;activation et du marketing<\/li>\n<li>La d\u00e9tection de comportements malveillants (fraude, phishing, spam,<\/li>\n<li>etc.)<\/li>\n<li>L&#8217;am\u00e9lioration de l&#8217;exp\u00e9rience utilisateur du site.<\/li>\n<li>Plus g\u00e9n\u00e9ralement toute finalit\u00e9 vis\u00e9e \u00e0 l&#8217;article 2 de la d\u00e9lib\u00e9ration n\u00b0 2012-209 du 21 juin 2012 portant cr\u00e9ation d&#8217;une norme simplifi\u00e9e concernant les traitements automatis\u00e9s de donn\u00e9es \u00e0 caract\u00e8re personnel relatifs \u00e0 la gestion des utilisateurs et des prospects.<\/li>\n<\/ol>\n<h2><strong>Destinataires des donn\u00e9es<\/strong><\/h2>\n<p>Les donn\u00e9es \u00e0 caract\u00e8re personnel collect\u00e9es sont destin\u00e9es aux services commerciaux et comptables par GRANDS CRUS. Elles peuvent \u00eatre transmises aux filiales de GRANDS CRUS, ou aux soci\u00e9t\u00e9s sous-traitantes auxquelles GRANDS CRUS peut faire appel dans le cadre de l&#8217;ex\u00e9cution de ses prestations. Dans ce cadre, les donn\u00e9es personnelles peuvent \u00eatre transf\u00e9r\u00e9es vers un pays membre ou non de l&#8217;Union europ\u00e9enne. GRANDS CRUS met en \u0153uvre des garanties assurant la protection et la s\u00e9curit\u00e9 de ces donn\u00e9es, conform\u00e9ment \u00e0 la r\u00e9glementation. GRANDS CRUS ne c\u00e8de ni ne loue les donn\u00e9es personnelles \u00e0 des tiers \u00e0 des fins de marketing, sans le consentement expr\u00e8s des Utilisateurs de GRANDS CRUS. En dehors de ces hypoth\u00e8ses, la communication de donn\u00e9es personnelles \u00e0 des tiers ne peut avoir lieu que dans les cas suivants :<\/p>\n<ol>\n<li>Avec leur autorisation<\/li>\n<li>A la demande des autorit\u00e9s l\u00e9galement comp\u00e9tentes, sur r\u00e9quisition judiciaire ou dans le cadre d&#8217;une proc\u00e9dure judiciaire.<\/li>\n<li>sur r\u00e9quisition judiciaire, ou dans le cadre d&#8217;une proc\u00e9dure judiciaire.<\/li>\n<\/ol>\n<h2><strong>Archivage des donn\u00e9es<\/strong><\/h2>\n<p>Afin de respecter ses obligations l\u00e9gales ou d&#8217;obtenir les \u00e9l\u00e9ments n\u00e9cessaires pour faire valoir ses droits, GRANDS CRUS peut archiver les donn\u00e9es dans les conditions pr\u00e9vues par la r\u00e9glementation. Ainsi, les donn\u00e9es \u00e0 caract\u00e8re personnel collect\u00e9es par GRANDS CRUS relatives \u00e0 l&#8217;identit\u00e9 et aux coordonn\u00e9es de ses Utilisateurs sont archiv\u00e9es pour une dur\u00e9e maximale de deux ans \u00e0 compter de la cessation des relations contractuelles pour les Utilisateurs clients, ou \u00e0 compter de leur collecte. par le responsable de traitement ou du dernier contact \u00e9manant de l&#8217;Utilisateur prospect pour les donn\u00e9es le concernant. La cessation des relations contractuelles s&#8217;entend comme la r\u00e9siliation expresse du contrat par l&#8217;Utilisateur ou la non-utilisation des services de GRANDS CRUS pendant une dur\u00e9e de cinq ans.<\/p>\n<h2><strong>Droits de l&#8217;utilisateur<\/strong><\/h2>\n<p>Conform\u00e9ment \u00e0 la r\u00e9glementation, l&#8217;Utilisateur b\u00e9n\u00e9ficie des droits d&#8217;acc\u00e8s et de rectification des donn\u00e9es \u00e0 caract\u00e8re personnel, qui lui permettent de faire rectifier, compl\u00e9ter, mettre \u00e0 jour ou effacer les donn\u00e9es qui sont inexactes, incompl\u00e8tes, \u00e9quivoques, p\u00e9rim\u00e9es, ou dont la collecte, l&#8217;utilisation, la communication ou la conservation est interdite. L&#8217;Utilisateur a \u00e9galement le droit de demander la limitation du traitement, et de s&#8217;opposer pour des motifs l\u00e9gitimes au traitement de ses donn\u00e9es personnelles. L&#8217;Utilisateur peut \u00e9galement communiquer des directives relatives au sort de ses donn\u00e9es \u00e0 caract\u00e8re personnel en cas de d\u00e9c\u00e8s. Le cas \u00e9ch\u00e9ant, l&#8217;Utilisateur peut demander la portabilit\u00e9 de ses donn\u00e9es, ou, lorsque le traitement est fond\u00e9 sur un consentement l\u00e9gal, retirer son consentement \u00e0 tout moment. L&#8217;Utilisateur peut exercer ses droits en envoyant un courriel \u00e0 contact@grands-crus.net . L&#8217;Utilisateur peut \u00e9galement \u00e0 tout moment modifier lui-m\u00eame les donn\u00e9es le concernant en contactant le service relations clients \u00e0 l&#8217;adresse contact@grands-crus.net.<\/p>\n<p>L&#8217;Utilisateur peut se d\u00e9sinscrire de la newsletter ou des emails marketing de GRANDS CRUS en suivant les liens de d\u00e9sinscription pr\u00e9sents dans chacun de ces emails. L&#8217;Utilisateur peut, en cas de litige, introduire une r\u00e9clamation aupr\u00e8s de la CNIL dont les coordonn\u00e9es figurent \u00e0 l&#8217;adresse internet http:\/\/www.cnil.fr. L&#8217;Utilisateur pourra acc\u00e9der \u00e0 une information d\u00e9taill\u00e9e sur l&#8217;utilisation de ses donn\u00e9es personnelles, notamment concernant les finalit\u00e9s du traitement, les bases l\u00e9gales permettant \u00e0 GRANDS CRUS de traiter les donn\u00e9es, leurs dur\u00e9es de conservation, leurs destinataires et, le cas \u00e9ch\u00e9ant, les transferts de celles-ci vers un pays non membre de l&#8217;Union europ\u00e9enne et les garanties mises en \u0153uvre. Pour ce faire, l&#8217;Utilisateur peut adresser sa demande par courrier \u00e9lectronique \u00e0 contact@grands-crus.net.<\/p>\n<h2><strong>Cookies<\/strong><\/h2>\n<p>Le site grands-crus.net utilise des cookies qui ont pour finalit\u00e9 de faciliter la navigation sur le site, d&#8217;ex\u00e9cuter le service fourni par GRANDS CRUS, de mesurer l&#8217;audience du site ou encore de permettre le partage de pages du site.<\/p>\n<p>Types de cookies utilis\u00e9s :<\/p>\n<p><strong>Cookies n\u00e9cessaires \u00e0 la navigation sur le site<\/strong><\/p>\n<p>Ces cookies sont n\u00e9cessaires au fonctionnement du site grands-crus.net. Ils permettent l&#8217;utilisation des principales fonctionnalit\u00e9s du site. Sans ces cookies, l&#8217;Utilisateur ne peut pas utiliser le site normalement.<\/p>\n<p><strong>Les cookies fonctionnels<\/strong><\/p>\n<p>Ces cookies permettent de personnaliser l&#8217;exp\u00e9rience de l&#8217;Utilisateur.<\/p>\n<p><strong>Cookies analytiques<\/strong><\/p>\n<p>Ces cookies permettent de conna\u00eetre l&#8217;utilisation et les performances du site et d&#8217;am\u00e9liorer son fonctionnement en effectuant des analyses de fr\u00e9quentation des pages d&#8217;information, en surveillant les taux d&#8217;ouverture, les taux de clics et les taux de rebond \u00e0 un niveau individuel.<\/p>\n<p><strong>Cookies de boutons de partage<\/strong><\/p>\n<p>Ces cookies sociaux permettent aux utilisateurs de partager des pages et du contenu sur des m\u00e9dias sociaux tiers via des boutons de partage social.<\/p>\n<h2><strong>Gestion des cookies<\/strong><\/h2>\n<p>Les utilisateurs ont la possibilit\u00e9 d&#8217;accepter ou de refuser les cookies sur le site ou de les refuser d\u00e9finitivement en configurant leur navigateur. Si l&#8217;Utilisateur choisit de refuser tous les cookies, la navigation pour acc\u00e9der \u00e0 certaines pages du site sera r\u00e9duite. Selon le navigateur utilis\u00e9 par l&#8217;Utilisateur, les modalit\u00e9s de suppression des cookies sont les suivantes :<\/p>\n<p><strong>Sur Internet Explorer<\/strong><\/p>\n<ol>\n<li>Cliquer sur le bouton Outils, puis sur Options Internet<\/li>\n<li>Dans l&#8217;onglet G\u00e9n\u00e9ral, sous Historique de navigation, cliquer sur Param\u00e8tres<\/li>\n<li>Cliquer sur le bouton Voir les fichiers<\/li>\n<li>S\u00e9lectionner les cookies \u00e0 refuser et cliquer sur supprimer<\/li>\n<\/ol>\n<p><strong>Sur Firefox<\/strong><\/p>\n<ol>\n<li>Cliquez sur l&#8217;ic\u00f4ne Outils du navigateur, s\u00e9lectionnez le menu Options<\/li>\n<li>Dans la fen\u00eatre qui s&#8217;affiche, choisissez \u00ab Vie priv\u00e9e \u00bb et cliquez sur \u00ab Afficher les cookies \u00bb<\/li>\n<li>S\u00e9lectionnez les cookies \u00e0 refuser et cliquez sur supprimer<\/li>\n<\/ol>\n<p><strong>Sur Safari<\/strong><\/p>\n<ol>\n<li>Cliquez sur l&#8217;ic\u00f4ne Edition, s\u00e9lectionnez le menu Pr\u00e9f\u00e9rences<\/li>\n<li>Cliquez sur S\u00e9curit\u00e9 puis sur Afficher les cookies<\/li>\n<li>S\u00e9lectionnez les cookies \u00e0 refuser et cliquez sur supprimer.<\/li>\n<\/ol>\n<p><strong>Sur Google Chrome<\/strong><\/p>\n<ol>\n<li>Cliquez sur l&#8217;ic\u00f4ne Outils, s\u00e9lectionnez le menu Options puis cliquez sur l&#8217;onglet Options avanc\u00e9es et acc\u00e9dez \u00e0 la section \u00ab Confidentialit\u00e9<\/li>\n<li>Cliquez sur le bouton \u00ab Afficher les cookies<\/li>\n<li>S\u00e9lectionnez les cookies \u00e0 refuser puis cliquez sur supprimer<\/li>\n<\/ol>\n<h2><strong>Dur\u00e9e de vie des cookies<\/strong><\/h2>\n<p>Les cookies sont stock\u00e9s sur le terminal de l&#8217;Utilisateur pour une dur\u00e9e maximale de 13 mois \u00e0 compter de la date du consentement de l&#8217;Utilisateur. Pass\u00e9 ce d\u00e9lai, le consentement sera \u00e0 nouveau recueilli.<\/p>\n<h2><strong>S\u00e9curit\u00e9<\/strong><\/h2>\n<p>GRANDS CRUS a pris toutes les pr\u00e9cautions utiles pour pr\u00e9server la s\u00e9curit\u00e9 des donn\u00e9es personnelles et, notamment, emp\u00eacher qu&#8217;elles soient d\u00e9form\u00e9es, endommag\u00e9es ou que des tiers non autoris\u00e9s y aient acc\u00e8s. Ces pr\u00e9cautions sont notamment les suivantes<\/p>\n<ol>\n<li>Pare-feu \u00e0 plusieurs niveaux<\/li>\n<li>Anti-virus \u00e9prouv\u00e9 et d\u00e9tection des tentatives d&#8217;intrusion<\/li>\n<li>Transmission crypt\u00e9e des donn\u00e9es gr\u00e2ce \u00e0 la technologie SSL \/ https \/ VPN<\/li>\n<li>Centres de donn\u00e9es et examens certifi\u00e9s PCI DSS<\/li>\n<\/ol>\n<p>Par ailleurs, l&#8217;acc\u00e8s aux traitements par les destinataires des services de GRANDS CRUS n\u00e9cessite une authentification des personnes acc\u00e9dant aux donn\u00e9es, au moyen d&#8217;un code d&#8217;acc\u00e8s et d&#8217;un mot de passe individuels, suffisamment robustes et r\u00e9guli\u00e8rement renouvel\u00e9s. Les donn\u00e9es transitant sur des canaux de communication non s\u00e9curis\u00e9s font l&#8217;objet de mesures techniques visant \u00e0 rendre ces donn\u00e9es incompr\u00e9hensibles \u00e0 toute personne non autoris\u00e9e.<\/p>\n<p>Toute question relative \u00e0 la s\u00e9curit\u00e9 du site GRANDS CRUS peut \u00eatre adress\u00e9e \u00e0 contact@grands-crus.net.<\/p>\n<h2><strong>Modification de la politique de confidentialit\u00e9<\/strong><\/h2>\n<p>GRANDS CRUS se r\u00e9serve le droit de modifier la pr\u00e9sente Politique de confidentialit\u00e9 afin de se conformer aux changements des lois et r\u00e9glementations applicables. Les modifications apport\u00e9es seront notifi\u00e9es via notre site web ou par email, si possible, au moins trente jours avant leur entr\u00e9e en vigueur.<\/p>\n<h2><strong>Contact<\/strong><\/h2>\n<p>Toute question concernant la politique de confidentialit\u00e9 de GRANDS CRUS peut \u00eatre adress\u00e9e par courrier \u00e9lectronique \u00e0 contact@grands-crus.net.<\/p>\n<p><strong>Date d&#8217;entr\u00e9e en vigueur :<\/strong> <strong>11 ao\u00fbt 2020<\/strong><\/p>\n","protected":false},"excerpt":{"rendered":"<p>Dans le cadre de son activit\u00e9 et pour les besoins de la fourniture des Services, GRANDS CRUS est amen\u00e9e \u00e0 collecter et traiter les donn\u00e9es personnelles de ses utilisateurs (ci-apr\u00e8s les \u00ab Utilisateurs \u00bb). La pr\u00e9sente politique de confidentialit\u00e9, mise en \u0153uvre par GRANDS CRUS, a pour objet de fournir aux Utilisateurs une information synth\u00e9tique [&hellip;]<\/p>\n","protected":false},"author":288,"featured_media":0,"parent":0,"menu_order":0,"comment_status":"closed","ping_status":"closed","template":"page-blank-title-center.php","meta":{"_acf_changed":false,"_seopress_robots_primary_cat":"","_seopress_titles_title":"","_seopress_titles_desc":"","_seopress_robots_index":"yes","footnotes":""},"hf_cat_page":[],"class_list":["post-159611","page","type-page","status-publish"],"acf":[],"_links":{"self":[{"href":"https:\/\/grands-crus.net\/fr\/wp-json\/wp\/v2\/pages\/159611","targetHints":{"allow":["GET"]}}],"collection":[{"href":"https:\/\/grands-crus.net\/fr\/wp-json\/wp\/v2\/pages"}],"about":[{"href":"https:\/\/grands-crus.net\/fr\/wp-json\/wp\/v2\/types\/page"}],"author":[{"embeddable":true,"href":"https:\/\/grands-crus.net\/fr\/wp-json\/wp\/v2\/users\/288"}],"replies":[{"embeddable":true,"href":"https:\/\/grands-crus.net\/fr\/wp-json\/wp\/v2\/comments?post=159611"}],"version-history":[{"count":0,"href":"https:\/\/grands-crus.net\/fr\/wp-json\/wp\/v2\/pages\/159611\/revisions"}],"wp:attachment":[{"href":"https:\/\/grands-crus.net\/fr\/wp-json\/wp\/v2\/media?parent=159611"}],"wp:term":[{"taxonomy":"hf_cat_page","embeddable":true,"href":"https:\/\/grands-crus.net\/fr\/wp-json\/wp\/v2\/hf_cat_page?post=159611"}],"curies":[{"name":"wp","href":"https:\/\/api.w.org\/{rel}","templated":true}]}}