{"id":125475,"date":"2022-10-25T06:08:22","date_gmt":"2022-10-25T04:08:22","guid":{"rendered":"https:\/\/grands-crus.net\/?post_type=product&#038;p=125475"},"modified":"2026-05-16T19:22:38","modified_gmt":"2026-05-16T17:22:38","slug":"2019-m-chapoutier-chateauneuf-du-pape-barbe-rac-1x75cl","status":"publish","type":"product","link":"https:\/\/grands-crus.net\/fr\/produit\/2019-m-chapoutier-chateauneuf-du-pape-barbe-rac-1x75cl\/","title":{"rendered":"2019 M. Chapoutier, Chateauneuf-du-Pape, Barbe Rac (1x75cl)"},"content":{"rendered":"<p>Wine Advocate : 94-96\/100   |   Vinous : &#8211;   |   JSWine : 96\/100   |   Commentaire Wine Advocate : &#8220;R\u00e9colt\u00e9 deux semaines plus t\u00f4t que la norme historique, le Ch\u00e2teauneuf du Pape Barbe Rac 2016 est un grenache 100% vieilles vignes provenant d&#8217;une sous-r\u00e9gion chaude de l&#8217;appellation. Il pr\u00e9sente d&#8217;\u00e9normes fruits de cerise noire et des touches de garrigue, port\u00e9s par une bouche ample et riche. C&#8217;est tannique mais m\u00fbr, avec une longue, longue, longue finale teint\u00e9e de r\u00e9glisse. Oui, j&#8217;ai \u00e9crit trois fois long dans mes notes originales !&#8221;   |   Commentaire JS Wine :<\/p>\n","protected":false},"excerpt":{"rendered":"<p>Wine Advocate : 94-96\/100 | Vinous : &#8211; | JSWine : 96\/100 | Commentaire Wine Advocate : &#8220;R\u00e9colt\u00e9 deux semaines plus t\u00f4t que la norme historique, le Ch\u00e2teauneuf du Pape Barbe Rac 2016 est un grenache 100% vieilles vignes provenant d&#8217;une sous-r\u00e9gion chaude de l&#8217;appellation. Il pr\u00e9sente d&#8217;\u00e9normes fruits de cerise noire et des touches [&hellip;]<\/p>\n","protected":false},"featured_media":242659,"comment_status":"open","ping_status":"closed","template":"","meta":{"_acf_changed":false,"_seopress_robots_primary_cat":"none","_seopress_titles_title":"","_seopress_titles_desc":"","_seopress_robots_index":""},"product_brand":[],"product_cat":[8995,3951,16],"product_tag":[],"class_list":{"0":"post-125475","1":"product","2":"type-product","3":"status-publish","4":"has-post-thumbnail","6":"product_cat-chateauneuf-du-pape","7":"product_cat-rhone","8":"product_cat-wines","9":"pa_alcohol-percentage-13-5","10":"pa_bottle-size-75cl","11":"pa_classification-na","12":"pa_colour-red","13":"pa_country-france","14":"pa_designation-aop","15":"pa_pack-size-1x75cl","16":"pa_producer-m-chapoutier","17":"pa_region-rhone","18":"pa_subregion-chateauneuf-du-pape","19":"pa_vintage-1845","21":"first","22":"instock","23":"taxable","24":"shipping-taxable","25":"purchasable","26":"product-type-simple"},"group_of_quantity":0,"min_quantity":0,"max_quantity":"","exclude_order_quantity_value_rules":"no","exclude_category_quantity_rules":"no","combine_variations":"no","acf":[],"_links":{"self":[{"href":"https:\/\/grands-crus.net\/fr\/wp-json\/wp\/v2\/product\/125475","targetHints":{"allow":["GET"]}}],"collection":[{"href":"https:\/\/grands-crus.net\/fr\/wp-json\/wp\/v2\/product"}],"about":[{"href":"https:\/\/grands-crus.net\/fr\/wp-json\/wp\/v2\/types\/product"}],"replies":[{"embeddable":true,"href":"https:\/\/grands-crus.net\/fr\/wp-json\/wp\/v2\/comments?post=125475"}],"wp:featuredmedia":[{"embeddable":true,"href":"https:\/\/grands-crus.net\/fr\/wp-json\/wp\/v2\/media\/242659"}],"wp:attachment":[{"href":"https:\/\/grands-crus.net\/fr\/wp-json\/wp\/v2\/media?parent=125475"}],"wp:term":[{"taxonomy":"product_brand","embeddable":true,"href":"https:\/\/grands-crus.net\/fr\/wp-json\/wp\/v2\/product_brand?post=125475"},{"taxonomy":"product_cat","embeddable":true,"href":"https:\/\/grands-crus.net\/fr\/wp-json\/wp\/v2\/product_cat?post=125475"},{"taxonomy":"product_tag","embeddable":true,"href":"https:\/\/grands-crus.net\/fr\/wp-json\/wp\/v2\/product_tag?post=125475"}],"curies":[{"name":"wp","href":"https:\/\/api.w.org\/{rel}","templated":true}]}}