{"id":144980,"date":"2023-05-29T21:54:57","date_gmt":"2023-05-29T19:54:57","guid":{"rendered":"https:\/\/grands-crus.net\/?post_type=product&#038;p=144980"},"modified":"2026-04-28T15:37:33","modified_gmt":"2026-04-28T13:37:33","slug":"2015-chateau-latour-premier-cru-classe-pauillac-3x75cl","status":"publish","type":"product","link":"https:\/\/grands-crus.net\/fr\/produit\/2015-chateau-latour-premier-cru-classe-pauillac-3x75cl\/","title":{"rendered":"2015 Chateau Latour Premier Cru Classe, Pauillac (3x75cl)"},"content":{"rendered":"<p>Wine Advocate : 98\/100   |   Vinous : 98+\/100   |   JSWine : 98\/100   |   Commentaire Wine Advocate :    |   Commentaire JS Wine : Ar\u00f4mes de fer, de coquille d&#8217;hu\u00eetre, de rouille et de pierre avec des myrtilles et des m\u00fbres. Le vin est cors\u00e9, mais toujours aussi poli et raffin\u00e9. Il roule sur le palais avec des saveurs fruit\u00e9es et sal\u00e9es. Serr\u00e9, concentr\u00e9 et toujours raffin\u00e9. Belle longueur. 97% de cabernet sauvignon lui conf\u00e8rent son \u00e9clat.<\/p>\n","protected":false},"excerpt":{"rendered":"<p>Wine Advocate : 98\/100 | Vinous : 98+\/100 | JSWine : 98\/100 | Commentaire Wine Advocate : | Commentaire JS Wine : Ar\u00f4mes de fer, de coquille d&#8217;hu\u00eetre, de rouille et de pierre avec des myrtilles et des m\u00fbres. Le vin est cors\u00e9, mais toujours aussi poli et raffin\u00e9. Il roule sur le palais avec [&hellip;]<\/p>\n","protected":false},"featured_media":161243,"comment_status":"closed","ping_status":"closed","template":"","meta":{"_acf_changed":false,"_seopress_robots_primary_cat":"","_seopress_titles_title":"","_seopress_titles_desc":"","_seopress_robots_index":""},"product_brand":[],"product_cat":[17,2862,3911,8968,16],"product_tag":[],"class_list":{"0":"post-144980","1":"product","2":"type-product","3":"status-publish","4":"has-post-thumbnail","6":"product_cat-bordeaux","7":"product_cat-bordeaux-chateau-latour","8":"product_cat-our-special-bordeaux-cellar","9":"product_cat-pauillac","10":"product_cat-wines","11":"pa_alcohol-percentage-13-5","12":"pa_bottle-size-75cl","13":"pa_classification-premier-cru-classe","14":"pa_colour-red","15":"pa_country-france","16":"pa_designation-aop","17":"pa_pack-size-3x75cl","18":"pa_producer-chateau-latour","19":"pa_region-bordeaux","20":"pa_subregion-pauillac","21":"pa_vintage-35","23":"first","24":"instock","25":"taxable","26":"shipping-taxable","27":"purchasable","28":"product-type-simple"},"group_of_quantity":0,"min_quantity":0,"max_quantity":"","exclude_order_quantity_value_rules":"no","exclude_category_quantity_rules":"no","combine_variations":"no","acf":[],"_links":{"self":[{"href":"https:\/\/grands-crus.net\/fr\/wp-json\/wp\/v2\/product\/144980","targetHints":{"allow":["GET"]}}],"collection":[{"href":"https:\/\/grands-crus.net\/fr\/wp-json\/wp\/v2\/product"}],"about":[{"href":"https:\/\/grands-crus.net\/fr\/wp-json\/wp\/v2\/types\/product"}],"replies":[{"embeddable":true,"href":"https:\/\/grands-crus.net\/fr\/wp-json\/wp\/v2\/comments?post=144980"}],"wp:featuredmedia":[{"embeddable":true,"href":"https:\/\/grands-crus.net\/fr\/wp-json\/wp\/v2\/media\/161243"}],"wp:attachment":[{"href":"https:\/\/grands-crus.net\/fr\/wp-json\/wp\/v2\/media?parent=144980"}],"wp:term":[{"taxonomy":"product_brand","embeddable":true,"href":"https:\/\/grands-crus.net\/fr\/wp-json\/wp\/v2\/product_brand?post=144980"},{"taxonomy":"product_cat","embeddable":true,"href":"https:\/\/grands-crus.net\/fr\/wp-json\/wp\/v2\/product_cat?post=144980"},{"taxonomy":"product_tag","embeddable":true,"href":"https:\/\/grands-crus.net\/fr\/wp-json\/wp\/v2\/product_tag?post=144980"}],"curies":[{"name":"wp","href":"https:\/\/api.w.org\/{rel}","templated":true}]}}