{"id":150984,"date":"2024-03-02T17:59:41","date_gmt":"2024-03-02T16:59:41","guid":{"rendered":"https:\/\/grands-crus.net\/?post_type=product&#038;p=150984"},"modified":"2026-04-28T15:38:16","modified_gmt":"2026-04-28T13:38:16","slug":"2017-ferraton-pere-fils-crozes-hermitage-le-grand-courtil-rouge-1x150cl","status":"publish","type":"product","link":"https:\/\/grands-crus.net\/fr\/produit\/2017-ferraton-pere-fils-crozes-hermitage-le-grand-courtil-rouge-1x150cl\/","title":{"rendered":"2017 Ferraton Pere &#038; Fils, Crozes-Hermitage, Le Grand Courtil Rouge (1x150cl)"},"content":{"rendered":"<p>Wine Advocate : 91\/100   |   Vinous : 92\/100   |   JSWine : &#8211;   |   Commentaire Wine Advocate : Le parcellaire Crozes-Hermitage le Grand Courtil est une beaut\u00e9. M\u00eame s&#8217;il n&#8217;aura probablement pas la plus grande long\u00e9vit\u00e9, il pr\u00e9sente de superbe ar\u00f4mes de framboise noire, de cerise noire, d&#8217;olive et de roche bris\u00e9e qui s&#8217;accordent avec une bouche charpent\u00e9e, m\u00fbre et textur\u00e9e. Id\u00e9al pour les 5-7 prochaines ann\u00e9es.   |   Commentaire JS Wine :<\/p>\n","protected":false},"excerpt":{"rendered":"<p>Wine Advocate : 91\/100 | Vinous : 92\/100 | JSWine : &#8211; | Commentaire Wine Advocate : Le parcellaire Crozes-Hermitage le Grand Courtil est une beaut\u00e9. M\u00eame s&#8217;il n&#8217;aura probablement pas la plus grande long\u00e9vit\u00e9, il pr\u00e9sente de superbe ar\u00f4mes de framboise noire, de cerise noire, d&#8217;olive et de roche bris\u00e9e qui s&#8217;accordent avec une [&hellip;]<\/p>\n","protected":false},"featured_media":57994,"comment_status":"open","ping_status":"closed","template":"","meta":{"_acf_changed":false,"_seopress_robots_primary_cat":"none","_seopress_titles_title":"","_seopress_titles_desc":"","_seopress_robots_index":""},"product_brand":[],"product_cat":[9013,3951,16],"product_tag":[],"class_list":{"0":"post-150984","1":"product","2":"type-product","3":"status-publish","4":"has-post-thumbnail","6":"product_cat-crozes-hermitage","7":"product_cat-rhone","8":"product_cat-wines","9":"pa_alcohol-percentage-13-5","10":"pa_bottle-size-150cl","11":"pa_classification-na","12":"pa_colour-red","13":"pa_country-france","14":"pa_designation-aop","15":"pa_pack-size-1x150cl","16":"pa_producer-ferraton-pere-fils","17":"pa_region-rhone","18":"pa_subregion-crozes-hermitage","19":"pa_vintage-30","21":"first","22":"instock","23":"taxable","24":"shipping-taxable","25":"purchasable","26":"product-type-simple"},"group_of_quantity":0,"min_quantity":0,"max_quantity":"","exclude_order_quantity_value_rules":"no","exclude_category_quantity_rules":"no","combine_variations":"no","acf":[],"_links":{"self":[{"href":"https:\/\/grands-crus.net\/fr\/wp-json\/wp\/v2\/product\/150984","targetHints":{"allow":["GET"]}}],"collection":[{"href":"https:\/\/grands-crus.net\/fr\/wp-json\/wp\/v2\/product"}],"about":[{"href":"https:\/\/grands-crus.net\/fr\/wp-json\/wp\/v2\/types\/product"}],"replies":[{"embeddable":true,"href":"https:\/\/grands-crus.net\/fr\/wp-json\/wp\/v2\/comments?post=150984"}],"wp:featuredmedia":[{"embeddable":true,"href":"https:\/\/grands-crus.net\/fr\/wp-json\/wp\/v2\/media\/57994"}],"wp:attachment":[{"href":"https:\/\/grands-crus.net\/fr\/wp-json\/wp\/v2\/media?parent=150984"}],"wp:term":[{"taxonomy":"product_brand","embeddable":true,"href":"https:\/\/grands-crus.net\/fr\/wp-json\/wp\/v2\/product_brand?post=150984"},{"taxonomy":"product_cat","embeddable":true,"href":"https:\/\/grands-crus.net\/fr\/wp-json\/wp\/v2\/product_cat?post=150984"},{"taxonomy":"product_tag","embeddable":true,"href":"https:\/\/grands-crus.net\/fr\/wp-json\/wp\/v2\/product_tag?post=150984"}],"curies":[{"name":"wp","href":"https:\/\/api.w.org\/{rel}","templated":true}]}}