{"id":151622,"date":"2024-03-07T18:39:34","date_gmt":"2024-03-07T17:39:34","guid":{"rendered":"https:\/\/grands-crus.net\/?post_type=product&#038;p=151622"},"modified":"2026-04-09T17:20:16","modified_gmt":"2026-04-09T15:20:16","slug":"2021-chateau-la-mission-haut-brion-cru-classe-pessac-leognan-3x75cl","status":"publish","type":"product","link":"https:\/\/grands-crus.net\/fr\/produit\/2021-chateau-la-mission-haut-brion-cru-classe-pessac-leognan-3x75cl\/","title":{"rendered":"2021 Chateau La Mission Haut-Brion Cru Classe, Pessac-Leognan (3x75cl)"},"content":{"rendered":"<p>Wine Advocate : 95\/100   |   Vinous : &#8211;   |   JSWine : 96\/100   |   Commentaire Wine Advocate : Unwinding in the glass with aromas of dark berries and plums mingled with loamy soil, sweet spices, cigar box and licorice, the 2021 La Mission Haut-Brion is full-bodied, lively and seamless, with a deep, concentrated core of fruit framed by bright acids and supple, powdery tannins. This charming, sensual rendition of La Mission is a blend of 48% Merlot, 46% Cabernet Sauvignon and 6% Cabernet Franc, attaining 13.4% alcohol.   |   Commentaire JS Wine :<\/p>\n","protected":false},"excerpt":{"rendered":"<p>Un nez m\u00fbr et expressif exsude des ar\u00f4mes de fruits sucr\u00e9s et s\u00e9duisants. En bouche, une intensit\u00e9 subtile mais grandissante se d\u00e9ploie, offrant une exp\u00e9rience dynamique et concentr\u00e9e, rappelant la vitesse d&#8217;un train japonais \u00e0 grande vitesse. Pourtant, le vin reste doux et fluide, comme un kimono en soie ou l&#8217;ombre projet\u00e9e par une lanterne japonaise. La finale est d\u00e9licieuse, fine, expressive et persistante, laissant un go\u00fbt qui appelle \u00e0 en reprendre.<\/p>\n<p>A ripe, expressive nose exudes sweet, charming fruit aromas. A subtle yet increasing intensity on the palate, for a dynamic, concentrated mouthfeel, like a high-speed Japanese train. Yet, the wine is caressing, fluid, like a silk kimono or the shadow cast by a Japanese lantern. The delightful, fine, eloquent, and lengthy finish beckons for another sip.<\/p>\n<p>&nbsp;<\/p>\n","protected":false},"featured_media":242387,"comment_status":"closed","ping_status":"closed","template":"","meta":{"_acf_changed":false,"_seopress_robots_primary_cat":"none","_seopress_titles_title":"","_seopress_titles_desc":"","_seopress_robots_index":""},"product_brand":[],"product_cat":[17,2886,3911,8966,16],"product_tag":[],"class_list":{"0":"post-151622","1":"product","2":"type-product","3":"status-publish","4":"has-post-thumbnail","6":"product_cat-bordeaux","7":"product_cat-bordeaux-chateau-la-mission-haut-brion","8":"product_cat-our-special-bordeaux-cellar","9":"product_cat-pessac-leognan","10":"product_cat-wines","11":"pa_alcohol-percentage-13-5","12":"pa_bottle-size-75cl","13":"pa_classification-cru-classe","14":"pa_colour-red","15":"pa_country-france","16":"pa_designation-aop","17":"pa_pack-size-3x75cl","18":"pa_producer-chateau-la-mission-haut-brion","19":"pa_region-bordeaux","20":"pa_subregion-pessac-leognan","21":"pa_vintage-4651","23":"first","24":"instock","25":"taxable","26":"shipping-taxable","27":"purchasable","28":"product-type-simple"},"group_of_quantity":0,"min_quantity":0,"max_quantity":"","exclude_order_quantity_value_rules":"no","exclude_category_quantity_rules":"no","combine_variations":"no","acf":[],"_links":{"self":[{"href":"https:\/\/grands-crus.net\/fr\/wp-json\/wp\/v2\/product\/151622","targetHints":{"allow":["GET"]}}],"collection":[{"href":"https:\/\/grands-crus.net\/fr\/wp-json\/wp\/v2\/product"}],"about":[{"href":"https:\/\/grands-crus.net\/fr\/wp-json\/wp\/v2\/types\/product"}],"replies":[{"embeddable":true,"href":"https:\/\/grands-crus.net\/fr\/wp-json\/wp\/v2\/comments?post=151622"}],"wp:featuredmedia":[{"embeddable":true,"href":"https:\/\/grands-crus.net\/fr\/wp-json\/wp\/v2\/media\/242387"}],"wp:attachment":[{"href":"https:\/\/grands-crus.net\/fr\/wp-json\/wp\/v2\/media?parent=151622"}],"wp:term":[{"taxonomy":"product_brand","embeddable":true,"href":"https:\/\/grands-crus.net\/fr\/wp-json\/wp\/v2\/product_brand?post=151622"},{"taxonomy":"product_cat","embeddable":true,"href":"https:\/\/grands-crus.net\/fr\/wp-json\/wp\/v2\/product_cat?post=151622"},{"taxonomy":"product_tag","embeddable":true,"href":"https:\/\/grands-crus.net\/fr\/wp-json\/wp\/v2\/product_tag?post=151622"}],"curies":[{"name":"wp","href":"https:\/\/api.w.org\/{rel}","templated":true}]}}