{"id":153030,"date":"2024-05-28T10:26:05","date_gmt":"2024-05-28T08:26:05","guid":{"rendered":"https:\/\/grands-crus.net\/?post_type=product&#038;p=153030"},"modified":"2026-04-09T17:21:34","modified_gmt":"2026-04-09T15:21:34","slug":"2023-chateau-lafite-rothschild-premier-cru-classe-pauillac-3x75cl","status":"publish","type":"product","link":"https:\/\/grands-crus.net\/fr\/produit\/2023-chateau-lafite-rothschild-premier-cru-classe-pauillac-3x75cl\/","title":{"rendered":"2023 Chateau Lafite Rothschild Premier Cru Classe, Pauillac (3x75cl)"},"content":{"rendered":"<p>Wine Advocate : 97-99\/100   |   Vinous : 95-98\/100   |   JSWine : 97-98\/100   |   Commentaire Wine Advocate : Le meilleur des premiers crus cette ann\u00e9e semble \u00eatre le Lafite Rothschild 2023, un effort formidable qui se d\u00e9roule dans le verre avec des ar\u00f4mes profonds et naissants complexes de cassis, de copeaux de crayon, de lilas et de violettes m\u00eal\u00e9s \u00e0 des notes de cape de cigare et de menthe. Mi-cors\u00e9 \u00e0 cors\u00e9, \u00e9tag\u00e9 et concentr\u00e9, il est vibrant et raffin\u00e9, avec un noyau fruit\u00e9 profond, de nombreux tanins doux et structurants et un mariage convaincant entre \u00e9nergie et pl\u00e9nitude. C&#8217;est un assemblage de 93 % de Cabernet Sauvignon, 6 % de Merlot et 1 % de Petit Verdot qui me rappelle les tanins de 2019 alli\u00e9s au classicisme irr\u00e9prochable de 2016.   |   Commentaire JS Wine : La puret\u00e9 du cabernet sauvignon est si \u00e9vidente ici. Il vous envo\u00fbte avec des ar\u00f4mes de groseilles noires et rouges, de c\u00e8dre, de tabac et d&#8217;\u00e9corce. Il est cors\u00e9 mais il y a une apesanteur et une agilit\u00e9 tr\u00e8s impressionnantes, ainsi que de la subtilit\u00e9 et de la concentration. Un peu de fer et de terre cuite. Nuances de c\u00e8dre et de bois de santal. Juteux et prune \u00e0 la fin. 12,9% d&#8217;alcool. pH 3,75. Un assemblage de 60% de cabernet sauvignon et 40% de merlot.<\/p>\n","protected":false},"excerpt":{"rendered":"<p>Wine Advocate : 97-99\/100 | Vinous : 95-98\/100 | JSWine : 97-98\/100 | Commentaire Wine Advocate : Le meilleur des premiers crus cette ann\u00e9e semble \u00eatre le Lafite Rothschild 2023, un effort formidable qui se d\u00e9roule dans le verre avec des ar\u00f4mes profonds et naissants complexes de cassis, de copeaux de crayon, de lilas et [&hellip;]<\/p>\n","protected":false},"featured_media":161173,"comment_status":"open","ping_status":"closed","template":"","meta":{"_acf_changed":false,"_seopress_robots_primary_cat":"","_seopress_titles_title":"","_seopress_titles_desc":"","_seopress_robots_index":""},"product_brand":[],"product_cat":[17,2861,2375,3911,8968,16],"product_tag":[],"class_list":{"0":"post-153030","1":"product","2":"type-product","3":"status-publish","4":"has-post-thumbnail","6":"product_cat-bordeaux","7":"product_cat-bordeaux-chateau-lafite-rothschild","8":"product_cat-en-primeurs","9":"product_cat-our-special-bordeaux-cellar","10":"product_cat-pauillac","11":"product_cat-wines","12":"pa_alcohol-percentage-13-5","13":"pa_bottle-size-75cl","14":"pa_classification-premier-cru-classe","15":"pa_colour-red","16":"pa_country-france","17":"pa_designation-aop","18":"pa_pack-size-3x75cl","19":"pa_producer-chateau-lafite-rothschild","20":"pa_region-bordeaux","21":"pa_subregion-pauillac","22":"pa_vintage-9243","24":"first","25":"instock","26":"taxable","27":"shipping-taxable","28":"purchasable","29":"product-type-simple"},"group_of_quantity":0,"min_quantity":0,"max_quantity":"","exclude_order_quantity_value_rules":"no","exclude_category_quantity_rules":"no","combine_variations":"no","acf":[],"_links":{"self":[{"href":"https:\/\/grands-crus.net\/fr\/wp-json\/wp\/v2\/product\/153030","targetHints":{"allow":["GET"]}}],"collection":[{"href":"https:\/\/grands-crus.net\/fr\/wp-json\/wp\/v2\/product"}],"about":[{"href":"https:\/\/grands-crus.net\/fr\/wp-json\/wp\/v2\/types\/product"}],"replies":[{"embeddable":true,"href":"https:\/\/grands-crus.net\/fr\/wp-json\/wp\/v2\/comments?post=153030"}],"wp:featuredmedia":[{"embeddable":true,"href":"https:\/\/grands-crus.net\/fr\/wp-json\/wp\/v2\/media\/161173"}],"wp:attachment":[{"href":"https:\/\/grands-crus.net\/fr\/wp-json\/wp\/v2\/media?parent=153030"}],"wp:term":[{"taxonomy":"product_brand","embeddable":true,"href":"https:\/\/grands-crus.net\/fr\/wp-json\/wp\/v2\/product_brand?post=153030"},{"taxonomy":"product_cat","embeddable":true,"href":"https:\/\/grands-crus.net\/fr\/wp-json\/wp\/v2\/product_cat?post=153030"},{"taxonomy":"product_tag","embeddable":true,"href":"https:\/\/grands-crus.net\/fr\/wp-json\/wp\/v2\/product_tag?post=153030"}],"curies":[{"name":"wp","href":"https:\/\/api.w.org\/{rel}","templated":true}]}}