{"id":153036,"date":"2024-05-28T10:26:15","date_gmt":"2024-05-28T08:26:15","guid":{"rendered":"https:\/\/grands-crus.net\/?post_type=product&#038;p=153036"},"modified":"2026-04-28T15:41:41","modified_gmt":"2026-04-28T13:41:41","slug":"2023-chateau-la-mission-haut-brion-cru-classe-pessac-leognan-6x75cl","status":"publish","type":"product","link":"https:\/\/grands-crus.net\/fr\/produit\/2023-chateau-la-mission-haut-brion-cru-classe-pessac-leognan-6x75cl\/","title":{"rendered":"2023 Chateau La Mission Haut-Brion Cru Classe, Pessac-Leognan (6x75cl)"},"content":{"rendered":"<p>Wine Advocate : 94-96\/100   |   Vinous : 92-95\/100   |   JSWine : 97-98\/100   |   Commentaire Wine Advocate : La Mission Haut-Brion 2023 se d\u00e9roule dans le verre pour r\u00e9v\u00e9ler des ar\u00f4mes de fruits rouges m\u00fbrs, de baies sauvages noires, de fleurs printani\u00e8res, de braise ardente et de lilas. Mi-cors\u00e9 \u00e0 cors\u00e9, riche et concentr\u00e9, il est \u00e9tag\u00e9 et textur\u00e9 avec un noyau dense de fruit soutenu par des tanins structurants jeunes et fermes. Cet assemblage de 52,7% Merlot, 29,6% Cabernet Sauvignon et 17,7% Cabernet Franc risque de devenir plus charnu et plus enveloppant avec l&#8217;\u00e9levage en barrique.   |   Commentaire JS Wine : La bouche et la longueur sont vraiment magnifiques et vous s\u00e9duisent par sa texture de soie fine et de finesse. Dure tr\u00e8s, tr\u00e8s longtemps. Corps moyen avec des tanins moyens, cr\u00e9meux et ronds et une finale \u00e9tag\u00e9e et textur\u00e9e. Montre du cassis, de la mine de plomb et de la pierre concass\u00e9e \u00e0 la fin. 52,7% de merlot, 29,6% de cabernet sauvignon et 17,7% de cabernet franc.<\/p>\n","protected":false},"excerpt":{"rendered":"<p>Wine Advocate : 94-96\/100 | Vinous : 92-95\/100 | JSWine : 97-98\/100 | Commentaire Wine Advocate : La Mission Haut-Brion 2023 se d\u00e9roule dans le verre pour r\u00e9v\u00e9ler des ar\u00f4mes de fruits rouges m\u00fbrs, de baies sauvages noires, de fleurs printani\u00e8res, de braise ardente et de lilas. Mi-cors\u00e9 \u00e0 cors\u00e9, riche et concentr\u00e9, il est [&hellip;]<\/p>\n","protected":false},"featured_media":161181,"comment_status":"open","ping_status":"closed","template":"","meta":{"_acf_changed":false,"_seopress_robots_primary_cat":"","_seopress_titles_title":"","_seopress_titles_desc":"","_seopress_robots_index":""},"product_brand":[],"product_cat":[17,2886,2375,3911,8966,16],"product_tag":[],"class_list":{"0":"post-153036","1":"product","2":"type-product","3":"status-publish","4":"has-post-thumbnail","6":"product_cat-bordeaux","7":"product_cat-bordeaux-chateau-la-mission-haut-brion","8":"product_cat-en-primeurs","9":"product_cat-our-special-bordeaux-cellar","10":"product_cat-pessac-leognan","11":"product_cat-wines","12":"pa_alcohol-percentage-13-5","13":"pa_bottle-size-75cl","14":"pa_classification-cru-classe","15":"pa_colour-red","16":"pa_country-france","17":"pa_designation-aop","18":"pa_pack-size-6x75cl","19":"pa_producer-chateau-la-mission-haut-brion","20":"pa_region-bordeaux","21":"pa_subregion-pessac-leognan","22":"pa_vintage-9243","24":"first","25":"instock","26":"taxable","27":"shipping-taxable","28":"purchasable","29":"product-type-simple"},"group_of_quantity":0,"min_quantity":0,"max_quantity":"","exclude_order_quantity_value_rules":"no","exclude_category_quantity_rules":"no","combine_variations":"no","acf":[],"_links":{"self":[{"href":"https:\/\/grands-crus.net\/fr\/wp-json\/wp\/v2\/product\/153036","targetHints":{"allow":["GET"]}}],"collection":[{"href":"https:\/\/grands-crus.net\/fr\/wp-json\/wp\/v2\/product"}],"about":[{"href":"https:\/\/grands-crus.net\/fr\/wp-json\/wp\/v2\/types\/product"}],"replies":[{"embeddable":true,"href":"https:\/\/grands-crus.net\/fr\/wp-json\/wp\/v2\/comments?post=153036"}],"wp:featuredmedia":[{"embeddable":true,"href":"https:\/\/grands-crus.net\/fr\/wp-json\/wp\/v2\/media\/161181"}],"wp:attachment":[{"href":"https:\/\/grands-crus.net\/fr\/wp-json\/wp\/v2\/media?parent=153036"}],"wp:term":[{"taxonomy":"product_brand","embeddable":true,"href":"https:\/\/grands-crus.net\/fr\/wp-json\/wp\/v2\/product_brand?post=153036"},{"taxonomy":"product_cat","embeddable":true,"href":"https:\/\/grands-crus.net\/fr\/wp-json\/wp\/v2\/product_cat?post=153036"},{"taxonomy":"product_tag","embeddable":true,"href":"https:\/\/grands-crus.net\/fr\/wp-json\/wp\/v2\/product_tag?post=153036"}],"curies":[{"name":"wp","href":"https:\/\/api.w.org\/{rel}","templated":true}]}}