{"id":153042,"date":"2024-05-28T10:26:24","date_gmt":"2024-05-28T08:26:24","guid":{"rendered":"https:\/\/grands-crus.net\/?post_type=product&#038;p=153042"},"modified":"2026-05-16T19:24:07","modified_gmt":"2026-05-16T17:24:07","slug":"2023-carruades-de-lafite-pauillac-6x75cl","status":"publish","type":"product","link":"https:\/\/grands-crus.net\/fr\/produit\/2023-carruades-de-lafite-pauillac-6x75cl\/","title":{"rendered":"2023 Carruades de Lafite, Pauillac (6x75cl)"},"content":{"rendered":"<p>Wine Advocate : 91-93\/100   |   Vinous : 92-94\/100   |   JSWine : 95-96\/100   |   Commentaire Wine Advocate : Assemblage de 60% de Cabernet Sauvignon et de 40% de Merlot, les Carruades de Lafite 2023 sont charmantes, d\u00e9bordant d&#8217;ar\u00f4mes de m\u00fbres menthol\u00e9es, de cassis et de bo\u00eete \u00e0 cigares, suivis d&#8217;une bouche moyennement cors\u00e9e, charnue et \u00e9tag\u00e9e, cr\u00e9meuse et textur\u00e9e, son noyau fruit\u00e9 g\u00e9n\u00e9reux dissimule largement ses tanins poudr\u00e9s structurants, se concluant par une finale longue et r\u00e9sonante.   |   Commentaire JS Wine : Un Carruades savoureux et juteux avec de la douceur et des notes de baies m\u00fbres, de c\u00e8dre et de tabac s\u00e9ch\u00e9. Comme Lafite des ann\u00e9es 1980 mais en plus pr\u00e9cis. Rond et joli. Il se d\u00e9veloppe vraiment en finale avec une telle douceur de fruit et une telle longueur. Tanins pointus et fins en fin de bouche. Tr\u00e8s long. Un assemblage de 60% de cabernet sauvignon et 40% de merlot.<\/p>\n","protected":false},"excerpt":{"rendered":"<p>Wine Advocate : 91-93\/100 | Vinous : 92-94\/100 | JSWine : 95-96\/100 | Commentaire Wine Advocate : Assemblage de 60% de Cabernet Sauvignon et de 40% de Merlot, les Carruades de Lafite 2023 sont charmantes, d\u00e9bordant d&#8217;ar\u00f4mes de m\u00fbres menthol\u00e9es, de cassis et de bo\u00eete \u00e0 cigares, suivis d&#8217;une bouche moyennement cors\u00e9e, charnue et \u00e9tag\u00e9e, [&hellip;]<\/p>\n","protected":false},"featured_media":161265,"comment_status":"open","ping_status":"closed","template":"","meta":{"_acf_changed":false,"_seopress_robots_primary_cat":"","_seopress_titles_title":"","_seopress_titles_desc":"","_seopress_robots_index":""},"product_brand":[],"product_cat":[17,2861,2375,3911,8968,16],"product_tag":[],"class_list":{"0":"post-153042","1":"product","2":"type-product","3":"status-publish","4":"has-post-thumbnail","6":"product_cat-bordeaux","7":"product_cat-bordeaux-chateau-lafite-rothschild","8":"product_cat-en-primeurs","9":"product_cat-our-special-bordeaux-cellar","10":"product_cat-pauillac","11":"product_cat-wines","12":"pa_alcohol-percentage-13-5","13":"pa_bottle-size-75cl","14":"pa_classification-na","15":"pa_colour-red","16":"pa_country-france","17":"pa_designation-aop","18":"pa_pack-size-6x75cl","19":"pa_producer-chateau-lafite-rothschild","20":"pa_region-bordeaux","21":"pa_subregion-pauillac","22":"pa_vintage-9243","24":"first","25":"instock","26":"taxable","27":"shipping-taxable","28":"purchasable","29":"product-type-simple"},"group_of_quantity":0,"min_quantity":0,"max_quantity":"","exclude_order_quantity_value_rules":"no","exclude_category_quantity_rules":"no","combine_variations":"no","acf":[],"_links":{"self":[{"href":"https:\/\/grands-crus.net\/fr\/wp-json\/wp\/v2\/product\/153042","targetHints":{"allow":["GET"]}}],"collection":[{"href":"https:\/\/grands-crus.net\/fr\/wp-json\/wp\/v2\/product"}],"about":[{"href":"https:\/\/grands-crus.net\/fr\/wp-json\/wp\/v2\/types\/product"}],"replies":[{"embeddable":true,"href":"https:\/\/grands-crus.net\/fr\/wp-json\/wp\/v2\/comments?post=153042"}],"wp:featuredmedia":[{"embeddable":true,"href":"https:\/\/grands-crus.net\/fr\/wp-json\/wp\/v2\/media\/161265"}],"wp:attachment":[{"href":"https:\/\/grands-crus.net\/fr\/wp-json\/wp\/v2\/media?parent=153042"}],"wp:term":[{"taxonomy":"product_brand","embeddable":true,"href":"https:\/\/grands-crus.net\/fr\/wp-json\/wp\/v2\/product_brand?post=153042"},{"taxonomy":"product_cat","embeddable":true,"href":"https:\/\/grands-crus.net\/fr\/wp-json\/wp\/v2\/product_cat?post=153042"},{"taxonomy":"product_tag","embeddable":true,"href":"https:\/\/grands-crus.net\/fr\/wp-json\/wp\/v2\/product_tag?post=153042"}],"curies":[{"name":"wp","href":"https:\/\/api.w.org\/{rel}","templated":true}]}}