{"id":153369,"date":"2024-06-11T10:38:21","date_gmt":"2024-06-11T08:38:21","guid":{"rendered":"https:\/\/grands-crus.net\/?post_type=product&#038;p=153369"},"modified":"2026-04-28T15:41:43","modified_gmt":"2026-04-28T13:41:43","slug":"2023-chateau-margaux-premier-cru-classe-margaux-3x75cl","status":"publish","type":"product","link":"https:\/\/grands-crus.net\/fr\/produit\/2023-chateau-margaux-premier-cru-classe-margaux-3x75cl\/","title":{"rendered":"2023 Chateau Margaux Premier Cru Classe, Margaux (3x75cl)"},"content":{"rendered":"<p>Wine Advocate : 95-97\/100   |   Vinous : 97-100\/100   |   JSWine : 99-100\/100   |   Commentaire Wine Advocate : Le Ch\u00e2teau Margaux 2023 est tr\u00e8s prometteur, se d\u00e9ployant dans le verre avec des ar\u00f4mes de cassis, de violette, de fleurs printani\u00e8res et de tabac doux, encadr\u00e9s par une habile touche de ch\u00eane neuf. Mi-cors\u00e9 \u00e0 cors\u00e9, profond et \u00e9tag\u00e9, il est tendu, concentr\u00e9 et de structure classique, avec des tanins doux et raffin\u00e9s et des acides vifs, se terminant par une finale longue et all\u00e9chante. C&#8217;est un assemblage de 89% de Cabernet Sauvignon, 5% de Merlot, 4% de Cabernet Franc et 2% de Petit Verdot qui atteint 13% d&#8217;alcool.   |   Commentaire JS Wine : Les ar\u00f4mes de ce jeune Margaux sont si primaires, me rappelant le mo\u00fbt de raisin fermentant en cuve, puis se tournant vers les parfums et les fleurs. Violettes et roses. Cors\u00e9 mais il semble si agile et brillant, avec une acidit\u00e9 vive qui rend le vin croquant et lin\u00e9aire. Comme le dit Alexis, l&#8217;un des propri\u00e9taires de Margaux, cela montre bien l&#8217;ADN du domaine. En apesanteur. Un des vins du mill\u00e9sime. pH 3,6. Assemblage de 89% cabernet sauvignon, 5% merlot, 4% cabernet franc et 2% petit verdot.<\/p>\n","protected":false},"excerpt":{"rendered":"<p>Wine Advocate : 95-97\/100 | Vinous : 97-100\/100 | JSWine : 99-100\/100 | Commentaire Wine Advocate : Le Ch\u00e2teau Margaux 2023 est tr\u00e8s prometteur, se d\u00e9ployant dans le verre avec des ar\u00f4mes de cassis, de violette, de fleurs printani\u00e8res et de tabac doux, encadr\u00e9s par une habile touche de ch\u00eane neuf. Mi-cors\u00e9 \u00e0 cors\u00e9, profond [&hellip;]<\/p>\n","protected":false},"featured_media":161161,"comment_status":"open","ping_status":"closed","template":"","meta":{"_acf_changed":false,"_seopress_robots_primary_cat":"","_seopress_titles_title":"","_seopress_titles_desc":"","_seopress_robots_index":""},"product_brand":[],"product_cat":[17,2782,2375,8957,3911,16],"product_tag":[],"class_list":{"0":"post-153369","1":"product","2":"type-product","3":"status-publish","4":"has-post-thumbnail","6":"product_cat-bordeaux","7":"product_cat-bordeaux-chateau-margaux","8":"product_cat-en-primeurs","9":"product_cat-margaux","10":"product_cat-our-special-bordeaux-cellar","11":"product_cat-wines","12":"pa_alcohol-percentage-13-5","13":"pa_bottle-size-75cl","14":"pa_classification-premier-cru-classe","15":"pa_colour-red","16":"pa_country-france","17":"pa_designation-aop","18":"pa_pack-size-3x75cl","19":"pa_producer-chateau-margaux","20":"pa_region-bordeaux","21":"pa_subregion-margaux","22":"pa_vintage-9243","24":"first","25":"instock","26":"taxable","27":"shipping-taxable","28":"purchasable","29":"product-type-simple"},"group_of_quantity":0,"min_quantity":0,"max_quantity":"","exclude_order_quantity_value_rules":"no","exclude_category_quantity_rules":"no","combine_variations":"no","acf":[],"_links":{"self":[{"href":"https:\/\/grands-crus.net\/fr\/wp-json\/wp\/v2\/product\/153369","targetHints":{"allow":["GET"]}}],"collection":[{"href":"https:\/\/grands-crus.net\/fr\/wp-json\/wp\/v2\/product"}],"about":[{"href":"https:\/\/grands-crus.net\/fr\/wp-json\/wp\/v2\/types\/product"}],"replies":[{"embeddable":true,"href":"https:\/\/grands-crus.net\/fr\/wp-json\/wp\/v2\/comments?post=153369"}],"wp:featuredmedia":[{"embeddable":true,"href":"https:\/\/grands-crus.net\/fr\/wp-json\/wp\/v2\/media\/161161"}],"wp:attachment":[{"href":"https:\/\/grands-crus.net\/fr\/wp-json\/wp\/v2\/media?parent=153369"}],"wp:term":[{"taxonomy":"product_brand","embeddable":true,"href":"https:\/\/grands-crus.net\/fr\/wp-json\/wp\/v2\/product_brand?post=153369"},{"taxonomy":"product_cat","embeddable":true,"href":"https:\/\/grands-crus.net\/fr\/wp-json\/wp\/v2\/product_cat?post=153369"},{"taxonomy":"product_tag","embeddable":true,"href":"https:\/\/grands-crus.net\/fr\/wp-json\/wp\/v2\/product_tag?post=153369"}],"curies":[{"name":"wp","href":"https:\/\/api.w.org\/{rel}","templated":true}]}}