{"id":156936,"date":"2024-09-22T12:49:14","date_gmt":"2024-09-22T10:49:14","guid":{"rendered":"https:\/\/grands-crus.net\/?post_type=product&#038;p=156936"},"modified":"2026-04-28T15:37:29","modified_gmt":"2026-04-28T13:37:29","slug":"2015-le-pauillac-de-chateau-latour-pauillac-1x150cl","status":"publish","type":"product","link":"https:\/\/grands-crus.net\/fr\/produit\/2015-le-pauillac-de-chateau-latour-pauillac-1x150cl\/","title":{"rendered":"2015 Le Pauillac de Chateau Latour, Pauillac (1x150cl)"},"content":{"rendered":"<p>Wine Advocate : 96\/100   |   Vinous : 98+\/100   |   JSWine : 98\/100   |   Commentaire Wine Advocate : Mill\u00e9sime riche et d\u00e9monstratif pour ce domaine, le Latour 2015 se d\u00e9ploie dans le verre avec des ar\u00f4mes de baies noires, de cassis, de terreau, de torr\u00e9faction expresso, de copeaux de crayon et une subtile touche de pot-pourri. Moyennement cors\u00e9, souple et \u00e9l\u00e9gant, avec une attaque velout\u00e9e qui se prolonge par un milieu de bouche doux et \u00e9tag\u00e9, il est enveloppant et complet, se concluant par une finale sapide. Le 2014, plus tendu et plus classique, devrait se r\u00e9v\u00e9ler plus durable, tandis que le 2015 g\u00e9n\u00e9reux est un Latour qu&#8217;il ne serait pas criminel de boire jeune.   |   Commentaire JS Wine : Ar\u00f4mes de fer, de coquille d&#8217;hu\u00eetre, de rouille et de pierre avec des myrtilles et des m\u00fbres. Le vin est cors\u00e9, mais toujours aussi poli et raffin\u00e9. Il roule sur le palais avec des saveurs fruit\u00e9es et sal\u00e9es. Serr\u00e9, concentr\u00e9 et toujours raffin\u00e9. Belle longueur. 97% de cabernet sauvignon lui conf\u00e8rent son \u00e9clat.<\/p>\n","protected":false},"excerpt":{"rendered":"<p>Wine Advocate : 96\/100 | Vinous : 98+\/100 | JSWine : 98\/100 | Commentaire Wine Advocate : Mill\u00e9sime riche et d\u00e9monstratif pour ce domaine, le Latour 2015 se d\u00e9ploie dans le verre avec des ar\u00f4mes de baies noires, de cassis, de terreau, de torr\u00e9faction expresso, de copeaux de crayon et une subtile touche de pot-pourri. [&hellip;]<\/p>\n","protected":false},"featured_media":161441,"comment_status":"open","ping_status":"closed","template":"","meta":{"_acf_changed":false,"_seopress_robots_primary_cat":"","_seopress_titles_title":"","_seopress_titles_desc":"","_seopress_robots_index":""},"product_brand":[],"product_cat":[17,2862,3911,8968,16],"product_tag":[],"class_list":{"0":"post-156936","1":"product","2":"type-product","3":"status-publish","4":"has-post-thumbnail","6":"product_cat-bordeaux","7":"product_cat-bordeaux-chateau-latour","8":"product_cat-our-special-bordeaux-cellar","9":"product_cat-pauillac","10":"product_cat-wines","11":"pa_alcohol-percentage-13-5","12":"pa_bottle-size-150cl","13":"pa_classification-na","14":"pa_colour-red","15":"pa_country-france","16":"pa_designation-aop","17":"pa_pack-size-1x150cl","18":"pa_producer-chateau-latour","19":"pa_region-bordeaux","20":"pa_subregion-pauillac","21":"pa_vintage-35","23":"first","24":"instock","25":"taxable","26":"shipping-taxable","27":"purchasable","28":"product-type-simple"},"group_of_quantity":0,"min_quantity":0,"max_quantity":"","exclude_order_quantity_value_rules":"no","exclude_category_quantity_rules":"no","combine_variations":"no","acf":[],"_links":{"self":[{"href":"https:\/\/grands-crus.net\/fr\/wp-json\/wp\/v2\/product\/156936","targetHints":{"allow":["GET"]}}],"collection":[{"href":"https:\/\/grands-crus.net\/fr\/wp-json\/wp\/v2\/product"}],"about":[{"href":"https:\/\/grands-crus.net\/fr\/wp-json\/wp\/v2\/types\/product"}],"replies":[{"embeddable":true,"href":"https:\/\/grands-crus.net\/fr\/wp-json\/wp\/v2\/comments?post=156936"}],"wp:featuredmedia":[{"embeddable":true,"href":"https:\/\/grands-crus.net\/fr\/wp-json\/wp\/v2\/media\/161441"}],"wp:attachment":[{"href":"https:\/\/grands-crus.net\/fr\/wp-json\/wp\/v2\/media?parent=156936"}],"wp:term":[{"taxonomy":"product_brand","embeddable":true,"href":"https:\/\/grands-crus.net\/fr\/wp-json\/wp\/v2\/product_brand?post=156936"},{"taxonomy":"product_cat","embeddable":true,"href":"https:\/\/grands-crus.net\/fr\/wp-json\/wp\/v2\/product_cat?post=156936"},{"taxonomy":"product_tag","embeddable":true,"href":"https:\/\/grands-crus.net\/fr\/wp-json\/wp\/v2\/product_tag?post=156936"}],"curies":[{"name":"wp","href":"https:\/\/api.w.org\/{rel}","templated":true}]}}