{"id":183533,"date":"2025-05-09T17:19:15","date_gmt":"2025-05-09T15:19:15","guid":{"rendered":"https:\/\/grands-crus.net\/?post_type=product&#038;p=183533"},"modified":"2026-04-28T15:42:01","modified_gmt":"2026-04-28T13:42:01","slug":"2024-chateau-leoville-barton-2eme-cru-classe-saint-julien-6x75cl","status":"publish","type":"product","link":"https:\/\/grands-crus.net\/fr\/produit\/2024-chateau-leoville-barton-2eme-cru-classe-saint-julien-6x75cl\/","title":{"rendered":"2024 Chateau Leoville Barton 2eme Cru Classe, Saint-Julien (6x75cl)"},"content":{"rendered":"<p>Wine Advocate : 92-94\/100   |   Vinous : 93-95\/100   |   JSWine : 95-96\/100   |   Commentaire Wine Advocate :    |   Commentaire JS Wine :<\/p>\n","protected":false},"excerpt":{"rendered":"<p>&nbsp;<\/p>\n<p><em><strong>Disponible d\u00e8s la premi\u00e8re semaine de novembre 2026 ! R\u00e9servez vite pour livraison en une semaine.<\/strong><\/em><\/p>\n<p>Commande \u00e0 l&#8217;unit\u00e9 \u00e9galement possible. Nous contacter.<\/p>\n<p><em><strong>Available from the first week of November 2026 ! Book now for delivery within one week from order.<\/strong><\/em><\/p>\n<p>Order by the bottle also possible, please contact us<\/p>\n","protected":false},"featured_media":183534,"comment_status":"closed","ping_status":"closed","template":"","meta":{"_acf_changed":false,"_seopress_robots_primary_cat":"none","_seopress_titles_title":"","_seopress_titles_desc":"","_seopress_robots_index":""},"product_brand":[],"product_cat":[17,3799,2375,3911,8956,16],"product_tag":[],"class_list":{"0":"post-183533","1":"product","2":"type-product","3":"status-publish","4":"has-post-thumbnail","6":"product_cat-bordeaux","7":"product_cat-bordeaux-chateau-leoville-barton-bordeaux","8":"product_cat-en-primeurs","9":"product_cat-our-special-bordeaux-cellar","10":"product_cat-saint-julien","11":"product_cat-wines","12":"pa_bottle-size-75cl","13":"pa_classification-2eme-cru-classe","14":"pa_colour-red","15":"pa_country-france","16":"pa_designation-aop","17":"pa_pack-size-6x75cl","18":"pa_producer-chateau-leoville-barton","19":"pa_region-bordeaux","20":"pa_subregion-saint-julien","21":"pa_vintage-9244","23":"first","24":"instock","25":"taxable","26":"shipping-taxable","27":"purchasable","28":"product-type-simple"},"group_of_quantity":0,"min_quantity":0,"max_quantity":"","exclude_order_quantity_value_rules":"no","exclude_category_quantity_rules":"no","combine_variations":"no","acf":[],"_links":{"self":[{"href":"https:\/\/grands-crus.net\/fr\/wp-json\/wp\/v2\/product\/183533","targetHints":{"allow":["GET"]}}],"collection":[{"href":"https:\/\/grands-crus.net\/fr\/wp-json\/wp\/v2\/product"}],"about":[{"href":"https:\/\/grands-crus.net\/fr\/wp-json\/wp\/v2\/types\/product"}],"replies":[{"embeddable":true,"href":"https:\/\/grands-crus.net\/fr\/wp-json\/wp\/v2\/comments?post=183533"}],"wp:featuredmedia":[{"embeddable":true,"href":"https:\/\/grands-crus.net\/fr\/wp-json\/wp\/v2\/media\/183534"}],"wp:attachment":[{"href":"https:\/\/grands-crus.net\/fr\/wp-json\/wp\/v2\/media?parent=183533"}],"wp:term":[{"taxonomy":"product_brand","embeddable":true,"href":"https:\/\/grands-crus.net\/fr\/wp-json\/wp\/v2\/product_brand?post=183533"},{"taxonomy":"product_cat","embeddable":true,"href":"https:\/\/grands-crus.net\/fr\/wp-json\/wp\/v2\/product_cat?post=183533"},{"taxonomy":"product_tag","embeddable":true,"href":"https:\/\/grands-crus.net\/fr\/wp-json\/wp\/v2\/product_tag?post=183533"}],"curies":[{"name":"wp","href":"https:\/\/api.w.org\/{rel}","templated":true}]}}