{"id":201334,"date":"2025-06-19T11:16:29","date_gmt":"2025-06-19T09:16:29","guid":{"rendered":"https:\/\/grands-crus.net\/product\/2022-chateau-la-mission-haut-brion-cru-classe-pessac-leognan-1x75cl\/"},"modified":"2026-04-09T17:20:45","modified_gmt":"2026-04-09T15:20:45","slug":"2022-chateau-la-mission-haut-brion-cru-classe-pessac-leognan-1x75cl","status":"publish","type":"product","link":"https:\/\/grands-crus.net\/fr\/produit\/2022-chateau-la-mission-haut-brion-cru-classe-pessac-leognan-1x75cl\/","title":{"rendered":"2022 Chateau La Mission Haut-Brion Cru Classe, Pessac-Leognan (1x75cl)"},"content":{"rendered":"<p>WINE 96-98\/100 Moins muscl\u00e9 et plus accessible qu&#8217;il n&#8217;y paraissait en primeur, le La Mission Haut-Brion 2022 s&#8217;est r\u00e9v\u00e9l\u00e9 magnifiquement en bouteille. Se d\u00e9roulant d&#8217;ar\u00f4mes d&#8217;\u00e9pices, de fum\u00e9e, de baies noires, de mine de crayon et de r\u00e9glisse m\u00eal\u00e9s \u00e0 de d\u00e9licates notes florales, il est cors\u00e9, profond et concentr\u00e9 avec une attaque velout\u00e9e qui se transforme en un milieu de bouche \u00e9l\u00e9gamment structur\u00e9 et \u00e9nergique, joliment encadr\u00e9 par des tanins doux mais abondants, se terminant par une finale longue, p\u00e9n\u00e9trante et parfum\u00e9e. C&#8217;est un assemblage de 51,7 % de Cabernet Sauvignon, 43,2 % de Merlot et 5,1 % de Cabernet Franc. JS 98\/100 Pr\u00e9sentant des nuances de cassis, de pierres concass\u00e9es et de silex, il est cors\u00e9 et tr\u00e8s serr\u00e9 avec beaucoup de longueur et de pr\u00e9cision, \u00e0 la fois raffin\u00e9 et plut\u00f4t timide \u00e0 ce stade. Les tanins forts ressortent \u00e0 la fin, muscl\u00e9s et magnifiquement form\u00e9s, donnant tension et puissance. Cela n\u00e9cessite beaucoup de temps pour s\u2019adoucir. Meilleur apr\u00e8s 2030. VINOUS 94\/100<\/p>\n","protected":false},"excerpt":{"rendered":"<p>WINE 96-98\/100 Moins muscl\u00e9 et plus accessible qu&#8217;il n&#8217;y paraissait en primeur, le La Mission Haut-Brion 2022 s&#8217;est r\u00e9v\u00e9l\u00e9 magnifiquement en bouteille. Se d\u00e9roulant d&#8217;ar\u00f4mes d&#8217;\u00e9pices, de fum\u00e9e, de baies noires, de mine de crayon et de r\u00e9glisse m\u00eal\u00e9s \u00e0 de d\u00e9licates notes florales, il est cors\u00e9, profond et concentr\u00e9 avec une attaque velout\u00e9e qui [&hellip;]<\/p>\n","protected":false},"featured_media":242389,"comment_status":"open","ping_status":"closed","template":"","meta":{"_acf_changed":false,"_seopress_robots_primary_cat":"none","_seopress_titles_title":"","_seopress_titles_desc":"","_seopress_robots_index":""},"product_brand":[],"product_cat":[17,8966,16],"product_tag":[],"class_list":{"0":"post-201334","1":"product","2":"type-product","3":"status-publish","4":"has-post-thumbnail","6":"product_cat-bordeaux","7":"product_cat-pessac-leognan","8":"product_cat-wines","9":"pa_bottle-size-75cl","10":"pa_classification-cru-classe","11":"pa_colour-red","12":"pa_country-france","13":"pa_designation-aop","14":"pa_pack-size-1x75cl","15":"pa_producer-chateau-la-mission-haut-brion","16":"pa_region-bordeaux","17":"pa_subregion-pessac-leognan","18":"pa_vintage-4926","20":"first","21":"instock","22":"taxable","23":"shipping-taxable","24":"purchasable","25":"product-type-simple"},"group_of_quantity":0,"min_quantity":0,"max_quantity":"","exclude_order_quantity_value_rules":"no","exclude_category_quantity_rules":"no","combine_variations":"no","acf":[],"_links":{"self":[{"href":"https:\/\/grands-crus.net\/fr\/wp-json\/wp\/v2\/product\/201334","targetHints":{"allow":["GET"]}}],"collection":[{"href":"https:\/\/grands-crus.net\/fr\/wp-json\/wp\/v2\/product"}],"about":[{"href":"https:\/\/grands-crus.net\/fr\/wp-json\/wp\/v2\/types\/product"}],"replies":[{"embeddable":true,"href":"https:\/\/grands-crus.net\/fr\/wp-json\/wp\/v2\/comments?post=201334"}],"wp:featuredmedia":[{"embeddable":true,"href":"https:\/\/grands-crus.net\/fr\/wp-json\/wp\/v2\/media\/242389"}],"wp:attachment":[{"href":"https:\/\/grands-crus.net\/fr\/wp-json\/wp\/v2\/media?parent=201334"}],"wp:term":[{"taxonomy":"product_brand","embeddable":true,"href":"https:\/\/grands-crus.net\/fr\/wp-json\/wp\/v2\/product_brand?post=201334"},{"taxonomy":"product_cat","embeddable":true,"href":"https:\/\/grands-crus.net\/fr\/wp-json\/wp\/v2\/product_cat?post=201334"},{"taxonomy":"product_tag","embeddable":true,"href":"https:\/\/grands-crus.net\/fr\/wp-json\/wp\/v2\/product_tag?post=201334"}],"curies":[{"name":"wp","href":"https:\/\/api.w.org\/{rel}","templated":true}]}}