{"id":56778,"date":"2021-05-20T14:23:51","date_gmt":"2021-05-20T12:23:51","guid":{"rendered":"https:\/\/grands-crus.net\/?post_type=product&#038;p=56778"},"modified":"2026-04-09T17:19:38","modified_gmt":"2026-04-09T15:19:38","slug":"2020-chateau-leoville-barton-2eme-cru-classe-saint-julien-6x75cl","status":"publish","type":"product","link":"https:\/\/grands-crus.net\/fr\/produit\/2020-chateau-leoville-barton-2eme-cru-classe-saint-julien-6x75cl\/","title":{"rendered":"2020 Chateau Leoville Barton 2eme Cru Classe, Saint-Julien (6x75cl)"},"content":{"rendered":"<p>Wine Advocate : 95+\/100   |   Vinous : 96\/100   |   JSWine : 96\/100   |   Commentaire Wine Advocate : The 2020 L\u00e9oville Barton reveals a deep purple-black color, springing from the glass with vivacious scents of crushed black cherries, cassis and black raspberries, plus hints of cinnamon toast, wild sage, red roses and sassafras. The medium to full-bodied palate is packed with muscular black fruits, framed by grainy tannins and loads of freshness, finishing long and perfumed.   |   Commentaire JS Wine :<\/p>\n","protected":false},"excerpt":{"rendered":"<p>Wine Advocate : 95+\/100 | Vinous : 96\/100 | JSWine : 96\/100 | Commentaire Wine Advocate : The 2020 L\u00e9oville Barton reveals a deep purple-black color, springing from the glass with vivacious scents of crushed black cherries, cassis and black raspberries, plus hints of cinnamon toast, wild sage, red roses and sassafras. The medium to [&hellip;]<\/p>\n","protected":false},"featured_media":161139,"comment_status":"closed","ping_status":"closed","template":"","meta":{"_acf_changed":false,"_seopress_robots_primary_cat":"none","_seopress_titles_title":"","_seopress_titles_desc":"D\u00e9couvrez le Ch\u00e2teau L\u00e9oville Barton 2020, 2\u00e8me Grand Cru Class\u00e9 de Saint-Julien. En caisse bois d\u2019origine ou \u00e0 l\u2019unit\u00e9. Livraison s\u00e9curis\u00e9e. Stock r\u00e9el. grands-crus.net","_seopress_robots_index":""},"product_brand":[],"product_cat":[17,3799,3911,8956,16],"product_tag":[],"class_list":{"0":"post-56778","1":"product","2":"type-product","3":"status-publish","4":"has-post-thumbnail","6":"product_cat-bordeaux","7":"product_cat-bordeaux-chateau-leoville-barton-bordeaux","8":"product_cat-our-special-bordeaux-cellar","9":"product_cat-saint-julien","10":"product_cat-wines","11":"pa_alcohol-percentage-13-5","12":"pa_bottle-size-75cl","13":"pa_classification-2eme-cru-classe","14":"pa_colour-red","15":"pa_country-france","16":"pa_designation-aop","17":"pa_pack-size-6x75cl","18":"pa_producer-chateau-leoville-barton","19":"pa_region-bordeaux","20":"pa_subregion-saint-julien","21":"pa_vintage-3948","23":"first","24":"instock","25":"taxable","26":"shipping-taxable","27":"purchasable","28":"product-type-simple"},"group_of_quantity":0,"min_quantity":0,"max_quantity":"","exclude_order_quantity_value_rules":"no","exclude_category_quantity_rules":"no","combine_variations":"no","acf":[],"_links":{"self":[{"href":"https:\/\/grands-crus.net\/fr\/wp-json\/wp\/v2\/product\/56778","targetHints":{"allow":["GET"]}}],"collection":[{"href":"https:\/\/grands-crus.net\/fr\/wp-json\/wp\/v2\/product"}],"about":[{"href":"https:\/\/grands-crus.net\/fr\/wp-json\/wp\/v2\/types\/product"}],"replies":[{"embeddable":true,"href":"https:\/\/grands-crus.net\/fr\/wp-json\/wp\/v2\/comments?post=56778"}],"wp:featuredmedia":[{"embeddable":true,"href":"https:\/\/grands-crus.net\/fr\/wp-json\/wp\/v2\/media\/161139"}],"wp:attachment":[{"href":"https:\/\/grands-crus.net\/fr\/wp-json\/wp\/v2\/media?parent=56778"}],"wp:term":[{"taxonomy":"product_brand","embeddable":true,"href":"https:\/\/grands-crus.net\/fr\/wp-json\/wp\/v2\/product_brand?post=56778"},{"taxonomy":"product_cat","embeddable":true,"href":"https:\/\/grands-crus.net\/fr\/wp-json\/wp\/v2\/product_cat?post=56778"},{"taxonomy":"product_tag","embeddable":true,"href":"https:\/\/grands-crus.net\/fr\/wp-json\/wp\/v2\/product_tag?post=56778"}],"curies":[{"name":"wp","href":"https:\/\/api.w.org\/{rel}","templated":true}]}}