{"id":69638,"date":"2021-11-03T12:31:50","date_gmt":"2021-11-03T11:31:50","guid":{"rendered":"https:\/\/grands-crus.net\/?post_type=product&#038;p=69638"},"modified":"2026-04-28T15:37:42","modified_gmt":"2026-04-28T13:37:42","slug":"2016-chateau-lynch-moussas-5eme-cru-classe-pauillac-6x75cl","status":"publish","type":"product","link":"https:\/\/grands-crus.net\/fr\/produit\/2016-chateau-lynch-moussas-5eme-cru-classe-pauillac-6x75cl\/","title":{"rendered":"2016 Chateau Lynch-Moussas 5eme Cru Classe, Pauillac (6x75cl)"},"content":{"rendered":"<p>Wine Advocate : 92-94\/100   |   Vinous : &#8211;   |   JSWine : 93\/100   |   Commentaire Wine Advocate : &#8220;The 2016 Lynch Moussas is a blend of 17% Merlot an 83% Cabernet Sauvignon cropped at 48 hectoliters per hectare between 3 and 19 October. Matured in 60% new oak and the remainder one year old, this has a concentrated bouquet that offers tobacco-infused black fruit, briary and then with aeration, veins of pencil lead. The palate is medium-bodied with firm tannin cloaked in plenty of black fruit, quite spicy for Lynch Moussas with a touch of orange rind developing towards the finish. I appreciate the salinity on the aftertaste here. This is excellent and may well surpass the impressive 2015 last year.&#8221;   |   Commentaire JS Wine : Ar\u00f4mes de groseilles, champignons et fruits secs. Cors\u00e9, tanins ronds et l\u00e9g\u00e8rement m\u00e2chus et finale longue et fra\u00eeche. Belle complexit\u00e9 terreuse en finale. Il a besoin de 2 \u00e0 3 ans pour s&#8217;arrondir. Meilleur \u00e0 partir de 2022.<\/p>\n","protected":false},"excerpt":{"rendered":"<p>Wine Advocate : 92-94\/100 | Vinous : &#8211; | JSWine : 93\/100 | Commentaire Wine Advocate : &#8220;The 2016 Lynch Moussas is a blend of 17% Merlot an 83% Cabernet Sauvignon cropped at 48 hectoliters per hectare between 3 and 19 October. Matured in 60% new oak and the remainder one year old, this has [&hellip;]<\/p>\n","protected":false},"featured_media":161301,"comment_status":"open","ping_status":"closed","template":"","meta":{"_acf_changed":false,"_seopress_robots_primary_cat":"","_seopress_titles_title":"","_seopress_titles_desc":"","_seopress_robots_index":""},"product_brand":[],"product_cat":[17,2845,3911,8968,16],"product_tag":[],"class_list":{"0":"post-69638","1":"product","2":"type-product","3":"status-publish","4":"has-post-thumbnail","6":"product_cat-bordeaux","7":"product_cat-bordeaux-chateau-lynch-moussas","8":"product_cat-our-special-bordeaux-cellar","9":"product_cat-pauillac","10":"product_cat-wines","11":"pa_alcohol-percentage-13-5","12":"pa_bottle-size-75cl","13":"pa_classification-5eme-cru-classe","14":"pa_colour-red","15":"pa_country-france","16":"pa_designation-aop","17":"pa_pack-size-6x75cl","18":"pa_producer-chateau-lynch-moussas","19":"pa_region-bordeaux","20":"pa_subregion-pauillac","21":"pa_vintage-37","23":"first","24":"instock","25":"taxable","26":"shipping-taxable","27":"purchasable","28":"product-type-simple"},"group_of_quantity":0,"min_quantity":0,"max_quantity":"","exclude_order_quantity_value_rules":"no","exclude_category_quantity_rules":"no","combine_variations":"no","acf":[],"_links":{"self":[{"href":"https:\/\/grands-crus.net\/fr\/wp-json\/wp\/v2\/product\/69638","targetHints":{"allow":["GET"]}}],"collection":[{"href":"https:\/\/grands-crus.net\/fr\/wp-json\/wp\/v2\/product"}],"about":[{"href":"https:\/\/grands-crus.net\/fr\/wp-json\/wp\/v2\/types\/product"}],"replies":[{"embeddable":true,"href":"https:\/\/grands-crus.net\/fr\/wp-json\/wp\/v2\/comments?post=69638"}],"wp:featuredmedia":[{"embeddable":true,"href":"https:\/\/grands-crus.net\/fr\/wp-json\/wp\/v2\/media\/161301"}],"wp:attachment":[{"href":"https:\/\/grands-crus.net\/fr\/wp-json\/wp\/v2\/media?parent=69638"}],"wp:term":[{"taxonomy":"product_brand","embeddable":true,"href":"https:\/\/grands-crus.net\/fr\/wp-json\/wp\/v2\/product_brand?post=69638"},{"taxonomy":"product_cat","embeddable":true,"href":"https:\/\/grands-crus.net\/fr\/wp-json\/wp\/v2\/product_cat?post=69638"},{"taxonomy":"product_tag","embeddable":true,"href":"https:\/\/grands-crus.net\/fr\/wp-json\/wp\/v2\/product_tag?post=69638"}],"curies":[{"name":"wp","href":"https:\/\/api.w.org\/{rel}","templated":true}]}}