{"id":69647,"date":"2021-11-03T12:32:11","date_gmt":"2021-11-03T11:32:11","guid":{"rendered":"https:\/\/grands-crus.net\/?post_type=product&#038;p=69647"},"modified":"2026-04-28T15:38:45","modified_gmt":"2026-04-28T13:38:45","slug":"2018-chateau-marquis-de-terme-4eme-cru-classe-margaux-6x75cl","status":"publish","type":"product","link":"https:\/\/grands-crus.net\/fr\/produit\/2018-chateau-marquis-de-terme-4eme-cru-classe-margaux-6x75cl\/","title":{"rendered":"2018 Chateau Marquis de Terme 4eme Cru Classe, Margaux (6x75cl)"},"content":{"rendered":"<p>Wine Advocate : 91\/100   |   Vinous : &#8211;   |   JSWine : 94\/100   |   Commentaire Wine Advocate : &#8220;Deep garnet-purple colored, the 2018 Marquis de Terme gives up bold blackberry compote, blueberry pie and cr\u00e8me de cassis scents with nuances of menthol, tobacco and cedar chest. The full-bodied palate is quite serious and stern, with firm, ripe tannins and seamless freshness to support the pure, pronounced black fruits, finishing with a minty lift.&#8221;   |   Commentaire JS Wine : Des ar\u00f4mes parfum\u00e9s et raffin\u00e9s de cassis compot\u00e9, de cerises, de clous de girofle, de chocolat noir, de lavande et de musc. Il est cors\u00e9 avec des tanins fermes et fins. Finale \u00e9l\u00e9gante et d\u00e9licate. Une jolie puissance avec de l&#8217;\u00e9l\u00e9gance. \u00c0 d\u00e9guster \u00e0 partir de 2024.<\/p>\n","protected":false},"excerpt":{"rendered":"<p>Wine Advocate : 91\/100 | Vinous : &#8211; | JSWine : 94\/100 | Commentaire Wine Advocate : &#8220;Deep garnet-purple colored, the 2018 Marquis de Terme gives up bold blackberry compote, blueberry pie and cr\u00e8me de cassis scents with nuances of menthol, tobacco and cedar chest. The full-bodied palate is quite serious and stern, with firm, [&hellip;]<\/p>\n","protected":false},"featured_media":161371,"comment_status":"closed","ping_status":"closed","template":"","meta":{"_acf_changed":false,"_seopress_robots_primary_cat":"","_seopress_titles_title":"","_seopress_titles_desc":"","_seopress_robots_index":""},"product_brand":[],"product_cat":[17,2755,8957,3911,16],"product_tag":[],"class_list":{"0":"post-69647","1":"product","2":"type-product","3":"status-publish","4":"has-post-thumbnail","6":"product_cat-bordeaux","7":"product_cat-bordeaux-chateau-marquis-de-terme","8":"product_cat-margaux","9":"product_cat-our-special-bordeaux-cellar","10":"product_cat-wines","11":"pa_alcohol-percentage-13-5","12":"pa_bottle-size-75cl","13":"pa_classification-4eme-cru-classe","14":"pa_colour-red","15":"pa_country-france","16":"pa_designation-aop","17":"pa_pack-size-6x75cl","18":"pa_producer-chateau-marquis-de-terme","19":"pa_region-bordeaux","20":"pa_subregion-margaux","21":"pa_vintage-68","23":"first","24":"instock","25":"taxable","26":"shipping-taxable","27":"purchasable","28":"product-type-simple"},"group_of_quantity":0,"min_quantity":0,"max_quantity":"","exclude_order_quantity_value_rules":"no","exclude_category_quantity_rules":"no","combine_variations":"no","acf":[],"_links":{"self":[{"href":"https:\/\/grands-crus.net\/fr\/wp-json\/wp\/v2\/product\/69647","targetHints":{"allow":["GET"]}}],"collection":[{"href":"https:\/\/grands-crus.net\/fr\/wp-json\/wp\/v2\/product"}],"about":[{"href":"https:\/\/grands-crus.net\/fr\/wp-json\/wp\/v2\/types\/product"}],"replies":[{"embeddable":true,"href":"https:\/\/grands-crus.net\/fr\/wp-json\/wp\/v2\/comments?post=69647"}],"wp:featuredmedia":[{"embeddable":true,"href":"https:\/\/grands-crus.net\/fr\/wp-json\/wp\/v2\/media\/161371"}],"wp:attachment":[{"href":"https:\/\/grands-crus.net\/fr\/wp-json\/wp\/v2\/media?parent=69647"}],"wp:term":[{"taxonomy":"product_brand","embeddable":true,"href":"https:\/\/grands-crus.net\/fr\/wp-json\/wp\/v2\/product_brand?post=69647"},{"taxonomy":"product_cat","embeddable":true,"href":"https:\/\/grands-crus.net\/fr\/wp-json\/wp\/v2\/product_cat?post=69647"},{"taxonomy":"product_tag","embeddable":true,"href":"https:\/\/grands-crus.net\/fr\/wp-json\/wp\/v2\/product_tag?post=69647"}],"curies":[{"name":"wp","href":"https:\/\/api.w.org\/{rel}","templated":true}]}}