{"id":69658,"date":"2021-11-03T12:32:33","date_gmt":"2021-11-03T11:32:33","guid":{"rendered":"https:\/\/grands-crus.net\/?post_type=product&#038;p=69658"},"modified":"2026-04-28T15:37:48","modified_gmt":"2026-04-28T13:37:48","slug":"2016-chateau-prieure-lichine-4eme-cru-classe-margaux-6x75cl","status":"publish","type":"product","link":"https:\/\/grands-crus.net\/fr\/produit\/2016-chateau-prieure-lichine-4eme-cru-classe-margaux-6x75cl\/","title":{"rendered":"2016 Chateau Prieure-Lichine 4eme Cru Classe, Margaux (6x75cl)"},"content":{"rendered":"<p>Wine Advocate : 92\/100   |   Vinous : &#8211;   |   JSWine : 93\/100   |   Commentaire Wine Advocate : &#8220;The 2016 Prieure-Lichine has a medium to deep garnet-purple color and a bold, intensely scented nose of warm blackcurrants, black raspberries and mulberries with hints of cedar chest, tobacco, dried herbs and iron ore. Medium-bodied, the palate has bags of class with lovely, vibrant black berries flavors and earthy sparks framed by ripe grainy tannins, finishing long and refreshing.&#8221;   |   Commentaire JS Wine : Un Margaux tr\u00e8s suave et poli qui d\u00e9livre des ar\u00f4mes d&#8217;iode et de pierre noire et une richesse de fruits noirs m\u00fbrs et moelleux qui se poursuit en bouche en mode attrayant, charnu et juteux. Essayez \u00e0 partir de 2022.<\/p>\n","protected":false},"excerpt":{"rendered":"<p>Wine Advocate : 92\/100 | Vinous : &#8211; | JSWine : 93\/100 | Commentaire Wine Advocate : &#8220;The 2016 Prieure-Lichine has a medium to deep garnet-purple color and a bold, intensely scented nose of warm blackcurrants, black raspberries and mulberries with hints of cedar chest, tobacco, dried herbs and iron ore. Medium-bodied, the palate has [&hellip;]<\/p>\n","protected":false},"featured_media":161387,"comment_status":"closed","ping_status":"closed","template":"","meta":{"_acf_changed":false,"_seopress_robots_primary_cat":"","_seopress_titles_title":"","_seopress_titles_desc":"","_seopress_robots_index":""},"product_brand":[],"product_cat":[17,2760,8957,3911,16],"product_tag":[],"class_list":{"0":"post-69658","1":"product","2":"type-product","3":"status-publish","4":"has-post-thumbnail","6":"product_cat-bordeaux","7":"product_cat-bordeaux-chateau-prieure-lichine","8":"product_cat-margaux","9":"product_cat-our-special-bordeaux-cellar","10":"product_cat-wines","11":"pa_alcohol-percentage-13-5","12":"pa_bottle-size-75cl","13":"pa_classification-4eme-cru-classe","14":"pa_colour-red","15":"pa_country-france","16":"pa_designation-aop","17":"pa_pack-size-6x75cl","18":"pa_producer-chateau-prieure-lichine","19":"pa_region-bordeaux","20":"pa_subregion-margaux","21":"pa_vintage-37","23":"first","24":"instock","25":"taxable","26":"shipping-taxable","27":"purchasable","28":"product-type-simple"},"group_of_quantity":0,"min_quantity":0,"max_quantity":"","exclude_order_quantity_value_rules":"no","exclude_category_quantity_rules":"no","combine_variations":"no","acf":[],"_links":{"self":[{"href":"https:\/\/grands-crus.net\/fr\/wp-json\/wp\/v2\/product\/69658","targetHints":{"allow":["GET"]}}],"collection":[{"href":"https:\/\/grands-crus.net\/fr\/wp-json\/wp\/v2\/product"}],"about":[{"href":"https:\/\/grands-crus.net\/fr\/wp-json\/wp\/v2\/types\/product"}],"replies":[{"embeddable":true,"href":"https:\/\/grands-crus.net\/fr\/wp-json\/wp\/v2\/comments?post=69658"}],"wp:featuredmedia":[{"embeddable":true,"href":"https:\/\/grands-crus.net\/fr\/wp-json\/wp\/v2\/media\/161387"}],"wp:attachment":[{"href":"https:\/\/grands-crus.net\/fr\/wp-json\/wp\/v2\/media?parent=69658"}],"wp:term":[{"taxonomy":"product_brand","embeddable":true,"href":"https:\/\/grands-crus.net\/fr\/wp-json\/wp\/v2\/product_brand?post=69658"},{"taxonomy":"product_cat","embeddable":true,"href":"https:\/\/grands-crus.net\/fr\/wp-json\/wp\/v2\/product_cat?post=69658"},{"taxonomy":"product_tag","embeddable":true,"href":"https:\/\/grands-crus.net\/fr\/wp-json\/wp\/v2\/product_tag?post=69658"}],"curies":[{"name":"wp","href":"https:\/\/api.w.org\/{rel}","templated":true}]}}