{"id":69661,"date":"2021-11-03T12:32:40","date_gmt":"2021-11-03T11:32:40","guid":{"rendered":"https:\/\/grands-crus.net\/?post_type=product&#038;p=69661"},"modified":"2026-04-28T15:37:50","modified_gmt":"2026-04-28T13:37:50","slug":"2016-chateau-rauzan-gassies-2eme-cru-classe-margaux-6x75cl","status":"publish","type":"product","link":"https:\/\/grands-crus.net\/fr\/produit\/2016-chateau-rauzan-gassies-2eme-cru-classe-margaux-6x75cl\/","title":{"rendered":"2016 Chateau Rauzan-Gassies 2eme Cru Classe, Margaux (6x75cl)"},"content":{"rendered":"<p>Wine Advocate : 86-88\/100   |   Vinous : &#8211;   |   JSWine : 91\/100   |   Commentaire Wine Advocate : &#8220;The 2016 Rauzan-Gassies has a relatively light, slightly herbaceous bouquet that does not quite deliver the exuberance of its fellow Margaux, although it is not underripe. The palate is medium-bodied with slightly chewy tannin on the entry, those typical traits of damp undergrowth and a touch of greenness that leads to a balanced finish that just lacks the fruit intensity of others.&#8221;   |   Commentaire JS Wine : Assez parfum\u00e9 et vif avec une pointe de p\u00e2tisserie aux baies. Il est tr\u00e8s joliment structur\u00e9, avec des tanins fins mais fermes, et offre une finale juteuse et fruit\u00e9e. Second vin du Ch\u00e2teau Rauzan-Gassies. \u00c0 essayer \u00e0 partir de 2022.<\/p>\n","protected":false},"excerpt":{"rendered":"<p>Wine Advocate : 86-88\/100 | Vinous : &#8211; | JSWine : 91\/100 | Commentaire Wine Advocate : &#8220;The 2016 Rauzan-Gassies has a relatively light, slightly herbaceous bouquet that does not quite deliver the exuberance of its fellow Margaux, although it is not underripe. The palate is medium-bodied with slightly chewy tannin on the entry, those [&hellip;]<\/p>\n","protected":false},"featured_media":161393,"comment_status":"closed","ping_status":"closed","template":"","meta":{"_acf_changed":false,"_seopress_robots_primary_cat":"","_seopress_titles_title":"","_seopress_titles_desc":"","_seopress_robots_index":""},"product_brand":[],"product_cat":[17,2762,8957,3911,16],"product_tag":[],"class_list":{"0":"post-69661","1":"product","2":"type-product","3":"status-publish","4":"has-post-thumbnail","6":"product_cat-bordeaux","7":"product_cat-bordeaux-chateau-rauzan-gassies","8":"product_cat-margaux","9":"product_cat-our-special-bordeaux-cellar","10":"product_cat-wines","11":"pa_alcohol-percentage-13-5","12":"pa_bottle-size-75cl","13":"pa_classification-2eme-cru-classe","14":"pa_colour-red","15":"pa_country-france","16":"pa_designation-aop","17":"pa_pack-size-6x75cl","18":"pa_producer-chateau-rauzan-gassies","19":"pa_region-bordeaux","20":"pa_subregion-margaux","21":"pa_vintage-37","23":"first","24":"instock","25":"taxable","26":"shipping-taxable","27":"purchasable","28":"product-type-simple"},"group_of_quantity":0,"min_quantity":0,"max_quantity":"","exclude_order_quantity_value_rules":"no","exclude_category_quantity_rules":"no","combine_variations":"no","acf":[],"_links":{"self":[{"href":"https:\/\/grands-crus.net\/fr\/wp-json\/wp\/v2\/product\/69661","targetHints":{"allow":["GET"]}}],"collection":[{"href":"https:\/\/grands-crus.net\/fr\/wp-json\/wp\/v2\/product"}],"about":[{"href":"https:\/\/grands-crus.net\/fr\/wp-json\/wp\/v2\/types\/product"}],"replies":[{"embeddable":true,"href":"https:\/\/grands-crus.net\/fr\/wp-json\/wp\/v2\/comments?post=69661"}],"wp:featuredmedia":[{"embeddable":true,"href":"https:\/\/grands-crus.net\/fr\/wp-json\/wp\/v2\/media\/161393"}],"wp:attachment":[{"href":"https:\/\/grands-crus.net\/fr\/wp-json\/wp\/v2\/media?parent=69661"}],"wp:term":[{"taxonomy":"product_brand","embeddable":true,"href":"https:\/\/grands-crus.net\/fr\/wp-json\/wp\/v2\/product_brand?post=69661"},{"taxonomy":"product_cat","embeddable":true,"href":"https:\/\/grands-crus.net\/fr\/wp-json\/wp\/v2\/product_cat?post=69661"},{"taxonomy":"product_tag","embeddable":true,"href":"https:\/\/grands-crus.net\/fr\/wp-json\/wp\/v2\/product_tag?post=69661"}],"curies":[{"name":"wp","href":"https:\/\/api.w.org\/{rel}","templated":true}]}}